{"id":1333,"date":"2023-08-19T17:27:01","date_gmt":"2023-08-19T15:27:01","guid":{"rendered":"https:\/\/www.jorgefisioterapia.es\/contacto-3\/"},"modified":"2024-05-07T10:31:11","modified_gmt":"2024-05-07T08:31:11","slug":"contacto","status":"publish","type":"page","link":"https:\/\/www.jorgefisioterapia.es\/de\/kontakt\/","title":{"rendered":"Kontakt"},"content":{"rendered":"<div data-elementor-type=\"wp-page\" data-elementor-id=\"1333\" class=\"elementor elementor-1333\" data-elementor-post-type=\"page\">\n\t\t\t\t\t\t<section class=\"elementor-section elementor-top-section elementor-element elementor-element-5c03c503 elementor-section-full_width elementor-section-height-default elementor-section-height-default\" data-id=\"5c03c503\" data-element_type=\"section\">\n\t\t\t\t\t\t<div class=\"elementor-container elementor-column-gap-default\">\n\t\t\t\t\t<div class=\"elementor-column elementor-col-100 elementor-top-column elementor-element elementor-element-2c32ce38\" data-id=\"2c32ce38\" data-element_type=\"column\">\n\t\t\t<div class=\"elementor-widget-wrap elementor-element-populated\">\n\t\t\t\t\t\t<div class=\"elementor-element elementor-element-37f5578 elementor-invisible elementor-widget elementor-widget-heading\" data-id=\"37f5578\" data-element_type=\"widget\" data-settings=\"{&quot;_animation&quot;:&quot;fadeInUp&quot;}\" data-widget_type=\"heading.default\">\n\t\t\t\t<div class=\"elementor-widget-container\">\n\t\t\t\t\t<h2 class=\"elementor-heading-title elementor-size-default\">Ich freue mich, mit Ihnen zu sprechen<\/h2>\t\t\t\t<\/div>\n\t\t\t\t<\/div>\n\t\t\t\t<div class=\"elementor-element elementor-element-799357a3 elementor-widget-divider--view-line elementor-widget elementor-widget-divider\" data-id=\"799357a3\" data-element_type=\"widget\" data-widget_type=\"divider.default\">\n\t\t\t\t<div class=\"elementor-widget-container\">\n\t\t\t\t\t\t\t<div class=\"elementor-divider\">\n\t\t\t<span class=\"elementor-divider-separator\">\n\t\t\t\t\t\t<\/span>\n\t\t<\/div>\n\t\t\t\t\t\t<\/div>\n\t\t\t\t<\/div>\n\t\t\t\t<div class=\"elementor-element elementor-element-6dc299dc elementor-widget elementor-widget-text-editor\" data-id=\"6dc299dc\" data-element_type=\"widget\" data-widget_type=\"text-editor.default\">\n\t\t\t\t<div class=\"elementor-widget-container\">\n\t\t\t\t\t\t\t\t\t<p>Ich liebe es, den aufkommenden Zweifeln zuzuh\u00f6ren und zu versuchen, sie zu l\u00f6sen.<br \/>Ich bin fest davon \u00fcberzeugt, dass jeder gute Rat aus dem Verst\u00e4ndnis des eigenen Standpunkts resultiert, und daf\u00fcr gibt es nichts Besseres als den direkten Kontakt. <b>Lass uns reden<\/b>.<\/p><p>Wenn Sie mit mir Kontakt aufnehmen oder mir Fragen stellen m\u00f6chten, k\u00f6nnen Sie dieses Formular oder jedes andere Mittel verwenden, das ich Ihnen unten zur Verf\u00fcgung stelle.<\/p><p><strong>Ich melde mich schnellstm\u00f6glich bei Ihnen!<\/strong><\/p>\t\t\t\t\t\t\t\t<\/div>\n\t\t\t\t<\/div>\n\t\t\t\t\t<\/div>\n\t\t<\/div>\n\t\t\t\t\t<\/div>\n\t\t<\/section>\n\t\t\t\t<section class=\"elementor-section elementor-top-section elementor-element elementor-element-52a5677c elementor-section-boxed elementor-section-height-default elementor-section-height-default\" data-id=\"52a5677c\" data-element_type=\"section\">\n\t\t\t\t\t\t\t<div class=\"elementor-background-overlay\"><\/div>\n\t\t\t\t\t\t\t<div class=\"elementor-container elementor-column-gap-no\">\n\t\t\t\t\t<div class=\"elementor-column elementor-col-100 elementor-top-column elementor-element elementor-element-3d5a70d\" data-id=\"3d5a70d\" data-element_type=\"column\">\n\t\t\t<div class=\"elementor-widget-wrap elementor-element-populated\">\n\t\t\t\t\t\t<div class=\"elementor-element elementor-element-b623f60 elementor-button-align-stretch elementor-widget elementor-widget-form\" data-id=\"b623f60\" data-element_type=\"widget\" data-settings=\"{&quot;step_next_label&quot;:&quot;Siguiente&quot;,&quot;step_previous_label&quot;:&quot;Anterior&quot;,&quot;button_width&quot;:&quot;100&quot;,&quot;step_type&quot;:&quot;number_text&quot;,&quot;step_icon_shape&quot;:&quot;circle&quot;}\" data-widget_type=\"form.default\">\n\t\t\t\t<div class=\"elementor-widget-container\">\n\t\t\t\t\t\t\t<form class=\"elementor-form\" method=\"post\" name=\"Nuevo formulario\" action=\"\">\n\t\t\t<input type=\"hidden\" name=\"post_id\" value=\"1333\"\/>\n\t\t\t<input type=\"hidden\" name=\"form_id\" value=\"b623f60\"\/>\n\t\t\t<input type=\"hidden\" name=\"referer_title\" value=\"Jorge Fisioterapia\" \/>\n\n\t\t\t\n\t\t\t<div class=\"elementor-form-fields-wrapper elementor-labels-above\">\n\t\t\t\t\t\t\t\t<div class=\"elementor-field-type-text elementor-field-group elementor-column elementor-field-group-name elementor-col-100\">\n\t\t\t\t\t\t\t\t\t\t\t\t<label for=\"form-field-name\" class=\"elementor-field-label\">\n\t\t\t\t\t\t\t\tName\t\t\t\t\t\t\t<\/label>\n\t\t\t\t\t\t\t\t\t\t\t\t\t\t<input size=\"1\" type=\"text\" name=\"form_fields[name]\" id=\"form-field-name\" class=\"elementor-field elementor-size-sm  elementor-field-textual\">\n\t\t\t\t\t\t\t\t\t\t\t<\/div>\n\t\t\t\t\t\t\t\t<div class=\"elementor-field-type-email elementor-field-group elementor-column elementor-field-group-email elementor-col-100 elementor-field-required\">\n\t\t\t\t\t\t\t\t\t\t\t\t<label for=\"form-field-email\" class=\"elementor-field-label\">\n\t\t\t\t\t\t\t\tEmail\t\t\t\t\t\t\t<\/label>\n\t\t\t\t\t\t\t\t\t\t\t\t\t\t<input size=\"1\" type=\"email\" name=\"form_fields[email]\" id=\"form-field-email\" class=\"elementor-field elementor-size-sm  elementor-field-textual\" required=\"required\">\n\t\t\t\t\t\t\t\t\t\t\t<\/div>\n\t\t\t\t\t\t\t\t<div class=\"elementor-field-type-textarea elementor-field-group elementor-column elementor-field-group-message elementor-col-100\">\n\t\t\t\t\t\t\t\t\t\t\t\t<label for=\"form-field-message\" class=\"elementor-field-label\">\n\t\t\t\t\t\t\t\tNachricht\t\t\t\t\t\t\t<\/label>\n\t\t\t\t\t\t<textarea class=\"elementor-field-textual elementor-field  elementor-size-sm\" name=\"form_fields[message]\" id=\"form-field-message\" rows=\"4\"><\/textarea>\t\t\t\t<\/div>\n\t\t\t\t\t\t\t\t<div class=\"elementor-field-type-html elementor-field-group elementor-column elementor-field-group-field_db7d15b elementor-col-100\">\n\t\t\t\t\tJORGE GARCIA PASTOR como responsable del tratamiento, tratar\u00e1 sus datos con el fin de responder a su solicitud siendo la base leg\u00edtima su consentimiento.\nLos encargados de tratamiento podr\u00e1n acceder a sus datos personales para el mantenimiento de esta p\u00e1gina web y\/o en los casos en que existan obligaciones legales.\nPodr\u00e1 ejercer los derechos que le asisten dirigi\u00e9ndose a: fisioterapiagarciapastor@gmail.com\nPuede tener acceso a informaci\u00f3n adicional sobre c\u00f3mo tratamos sus datos en la secci\u00f3n \u201cPol\u00edtica de Protecci\u00f3n de Datos\u201d, en esta misma p\u00e1gina web.\t\t\t\t<\/div>\n\t\t\t\t\t\t\t\t<div class=\"elementor-field-type-checkbox elementor-field-group elementor-column elementor-field-group-field_493d9ab elementor-col-100\">\n\t\t\t\t\t<div class=\"elementor-field-subgroup\"><span class=\"elementor-field-option\"><input type=\"checkbox\" value=\"HE SIDO INFORMADO, ENTIENDO Y AUTORIZO EL TRATAMIENTO DE DATOS PERSONALES\" id=\"form-field-field_493d9ab-0\" name=\"form_fields[field_493d9ab]\"> <label for=\"form-field-field_493d9ab-0\">ICH WURDE INFORMIERT, VERSTEHE UND AUTORISIERE DIE VERARBEITUNG PERSONENBEZOGENER DATEN<\/label><\/span><\/div>\t\t\t\t<\/div>\n\t\t\t\t\t\t\t\t<div class=\"elementor-field-type-recaptcha_v3 elementor-field-group elementor-column elementor-field-group-field_fe3c9fa elementor-col-100 recaptcha_v3-bottomright\">\n\t\t\t\t\t<div class=\"elementor-field\" id=\"form-field-field_fe3c9fa\"><div class=\"elementor-g-recaptcha\" data-sitekey=\"6LdrJNQpAAAAAJmiAm6QadFxF47NIQEPqLAfL2j6\" data-type=\"v3\" data-action=\"Form\" data-badge=\"bottomright\" data-size=\"invisible\"><\/div><\/div>\t\t\t\t<\/div>\n\t\t\t\t\t\t\t\t<div class=\"elementor-field-group elementor-column elementor-field-type-submit elementor-col-100 e-form__buttons\">\n\t\t\t\t\t<button class=\"elementor-button elementor-size-sm\" type=\"submit\">\n\t\t\t\t\t\t<span class=\"elementor-button-content-wrapper\">\n\t\t\t\t\t\t\t\t\t\t\t\t\t\t\t\t\t\t\t\t\t\t<span class=\"elementor-button-text\">Schicken<\/span>\n\t\t\t\t\t\t\t\t\t\t\t\t\t<\/span>\n\t\t\t\t\t<\/button>\n\t\t\t\t<\/div>\n\t\t\t<\/div>\n\t\t<input type=\"hidden\" name=\"trp-form-language\" value=\"de\"\/><\/form>\n\t\t\t\t\t\t<\/div>\n\t\t\t\t<\/div>\n\t\t\t\t\t<\/div>\n\t\t<\/div>\n\t\t\t\t\t<\/div>\n\t\t<\/section>\n\t\t\t\t<section class=\"elementor-section elementor-top-section elementor-element elementor-element-70041832 elementor-section-full_width elementor-section-height-default elementor-section-height-default\" data-id=\"70041832\" data-element_type=\"section\">\n\t\t\t\t\t\t<div class=\"elementor-container elementor-column-gap-no\">\n\t\t\t\t\t<div class=\"elementor-column elementor-col-50 elementor-top-column elementor-element elementor-element-1dcbb2be\" data-id=\"1dcbb2be\" data-element_type=\"column\">\n\t\t\t<div class=\"elementor-widget-wrap elementor-element-populated\">\n\t\t\t\t\t\t<div class=\"elementor-element elementor-element-7034e7d elementor-widget elementor-widget-google_maps\" data-id=\"7034e7d\" data-element_type=\"widget\" data-widget_type=\"google_maps.default\">\n\t\t\t\t<div class=\"elementor-widget-container\">\n\t\t\t\t\t\t\t<div class=\"elementor-custom-embed\">\n\t\t\t<div class=\"BorlabsCookie _brlbs-cb-googlemaps\"><div class=\"_brlbs-content-blocker\"> <div class=\"_brlbs-embed _brlbs-google-maps\"> <img decoding=\"async\" class=\"_brlbs-thumbnail\" src=\"https:\/\/www.jorgefisioterapia.es\/wp-content\/plugins\/borlabs-cookie\/assets\/images\/cb-maps.png\" alt=\"Google Maps\"> <div class=\"_brlbs-caption\"> <p>Mit dem Laden der Karte stimmen Sie den Datenschutzbestimmungen von Google zu.<br><a href=\"https:\/\/policies.google.com\/privacy?hl=en&gl=en\" target=\"_blank\" rel=\"nofollow noopener noreferrer\">Mehr Informationen<\/a><\/p> <p><a class=\"_brlbs-btn\" href=\"#\" data-borlabs-cookie-unblock role=\"button\">Laden Sie die Karte<\/a><\/p> <p><label><input type=\"checkbox\" name=\"unblockAll\" value=\"1\" checked> <small>Schalten Sie Google Maps immer frei<\/small><\/label><\/p> <\/div> <\/div> <\/div><div class=\"borlabs-hide\" data-borlabs-cookie-type=\"content-blocker\" data-borlabs-cookie-id=\"googlemaps\"><script type=\"text\/template\">PGlmcmFtZSBsb2FkaW5nPSJsYXp5IgoJCQkJCXNyYz0iaHR0cHM6Ly9tYXBzLmdvb2dsZS5jb20vbWFwcz9xPWNlbnRybyUyMHN1cGVyYSUyMGF6Y2FycmFnYSYjMDM4O3Q9bSYjMDM4O3o9MTUmIzAzODtvdXRwdXQ9ZW1iZWQmIzAzODtpd2xvYz1uZWFyIgoJCQkJCXRpdGxlPSJjZW50cm8gc3VwZXJhIGF6Y2FycmFnYSIKCQkJCQlhcmlhLWxhYmVsPSJjZW50cm8gc3VwZXJhIGF6Y2FycmFnYSIKCQkJPjwvaWZyYW1lPg==<\/script><\/div><\/div>\n\t\t<\/div>\n\t\t\t\t\t\t<\/div>\n\t\t\t\t<\/div>\n\t\t\t\t\t<\/div>\n\t\t<\/div>\n\t\t\t\t<div class=\"elementor-column elementor-col-50 elementor-top-column elementor-element elementor-element-33fb1b3f\" data-id=\"33fb1b3f\" data-element_type=\"column\" data-settings=\"{&quot;background_background&quot;:&quot;classic&quot;}\">\n\t\t\t<div class=\"elementor-widget-wrap elementor-element-populated\">\n\t\t\t\t\t\t<div class=\"elementor-element elementor-element-10697ee4 elementor-widget elementor-widget-text-editor\" data-id=\"10697ee4\" data-element_type=\"widget\" data-widget_type=\"text-editor.default\">\n\t\t\t\t<div class=\"elementor-widget-container\">\n\t\t\t\t\t\t\t\t\t<p style=\"text-align: center;\">Zentrum \u00fcberschreitet<br \/>Concha Heres-Platz<br \/>Oviedo, 33010, Spanien<br \/>+34 <strong>619 725 044<\/strong><\/p>\t\t\t\t\t\t\t\t<\/div>\n\t\t\t\t<\/div>\n\t\t\t\t<div class=\"elementor-element elementor-element-7c5a217c elementor-align-center elementor-widget elementor-widget-button\" data-id=\"7c5a217c\" data-element_type=\"widget\" data-widget_type=\"button.default\">\n\t\t\t\t<div class=\"elementor-widget-container\">\n\t\t\t\t\t\t\t\t\t<div class=\"elementor-button-wrapper\">\n\t\t\t\t\t<a class=\"elementor-button elementor-button-link elementor-size-lg\" href=\"https:\/\/api.whatsapp.com\/send?phone=34619725044\" target=\"_blank\">\n\t\t\t\t\t\t<span class=\"elementor-button-content-wrapper\">\n\t\t\t\t\t\t\t\t\t<span class=\"elementor-button-text\">WhatsApp-Chat<\/span>\n\t\t\t\t\t<\/span>\n\t\t\t\t\t<\/a>\n\t\t\t\t<\/div>\n\t\t\t\t\t\t\t\t<\/div>\n\t\t\t\t<\/div>\n\t\t\t\t<div class=\"elementor-element elementor-element-1dc43e76 elementor-align-center elementor-widget elementor-widget-button\" data-id=\"1dc43e76\" data-element_type=\"widget\" data-widget_type=\"button.default\">\n\t\t\t\t<div class=\"elementor-widget-container\">\n\t\t\t\t\t\t\t\t\t<div class=\"elementor-button-wrapper\">\n\t\t\t\t\t<a class=\"elementor-button elementor-button-link elementor-size-lg\" href=\"mailto:info@jorgefisioterapia.com\">\n\t\t\t\t\t\t<span class=\"elementor-button-content-wrapper\">\n\t\t\t\t\t\t\t\t\t<span class=\"elementor-button-text\">Mail senden<\/span>\n\t\t\t\t\t<\/span>\n\t\t\t\t\t<\/a>\n\t\t\t\t<\/div>\n\t\t\t\t\t\t\t\t<\/div>\n\t\t\t\t<\/div>\n\t\t\t\t<div class=\"elementor-element elementor-element-2d55bf4e elementor-align-center elementor-widget elementor-widget-button\" data-id=\"2d55bf4e\" data-element_type=\"widget\" data-widget_type=\"button.default\">\n\t\t\t\t<div class=\"elementor-widget-container\">\n\t\t\t\t\t\t\t\t\t<div class=\"elementor-button-wrapper\">\n\t\t\t\t\t<a class=\"elementor-button elementor-button-link elementor-size-lg\" href=\"tel:+34619725044\" target=\"_blank\">\n\t\t\t\t\t\t<span class=\"elementor-button-content-wrapper\">\n\t\t\t\t\t\t\t\t\t<span class=\"elementor-button-text\">jetzt anrufen<\/span>\n\t\t\t\t\t<\/span>\n\t\t\t\t\t<\/a>\n\t\t\t\t<\/div>\n\t\t\t\t\t\t\t\t<\/div>\n\t\t\t\t<\/div>\n\t\t\t\t<div class=\"elementor-element elementor-element-4615be9e elementor-align-center elementor-widget elementor-widget-button\" data-id=\"4615be9e\" data-element_type=\"widget\" data-widget_type=\"button.default\">\n\t\t\t\t<div class=\"elementor-widget-container\">\n\t\t\t\t\t\t\t\t\t<div class=\"elementor-button-wrapper\">\n\t\t\t\t\t<a class=\"elementor-button elementor-button-link elementor-size-lg\" href=\"https:\/\/www.google.es\/\/maps\/dir\/\/centro+alcarraga\/data=!4m6!4m5!1m1!4e2!1m2!1m1!1s0xd3692ece6d82abb:0x914584de8a1b7d66?sa=X&#038;ved=2ahUKEwjJ7N_qjZ2AAxUBVaQEHX5FB1oQ9Rd6BAhGEAA\" target=\"_blank\">\n\t\t\t\t\t\t<span class=\"elementor-button-content-wrapper\">\n\t\t\t\t\t\t\t\t\t<span class=\"elementor-button-text\">Holen Sie sich von meinem Standort aus<\/span>\n\t\t\t\t\t<\/span>\n\t\t\t\t\t<\/a>\n\t\t\t\t<\/div>\n\t\t\t\t\t\t\t\t<\/div>\n\t\t\t\t<\/div>\n\t\t\t\t\t<\/div>\n\t\t<\/div>\n\t\t\t\t\t<\/div>\n\t\t<\/section>\n\t\t\t\t<\/div>","protected":false},"excerpt":{"rendered":"<p>Encantado de hablar contigo Me encanta escuchar las dudas que os surgen y tratar de solventarlas.Creo firmemente que todo buen consejo pasa por comprender vuestro punto de vista, y para ello nada mejor que el contacto directo. Hablemos. Si quieres contactar conmigo o preguntarme cualquier duda, puedes utilizar este formulario o cualquier otro medio de [&hellip;]<\/p>","protected":false},"author":5,"featured_media":1336,"parent":0,"menu_order":4,"comment_status":"closed","ping_status":"closed","template":"","meta":{"_joinchat":[],"footnotes":""},"class_list":["post-1333","page","type-page","status-publish","has-post-thumbnail","hentry"],"yoast_head":"<!-- This site is optimized with the Yoast SEO plugin v24.4 - https:\/\/yoast.com\/wordpress\/plugins\/seo\/ -->\n<title>Contacto | Jorge Fisioterapia<\/title>\n<meta name=\"description\" content=\"\u00a1Cont\u00e1ctanos! Nosotros valoramos tus comentarios y preguntas. Utiliza nuestros datos de contacto para comunicarte con nosotros.\" \/>\n<meta name=\"robots\" content=\"index, follow, max-snippet:-1, max-image-preview:large, max-video-preview:-1\" \/>\n<link rel=\"canonical\" href=\"https:\/\/www.jorgefisioterapia.es\/de\/kontakt\/\" \/>\n<meta property=\"og:locale\" content=\"de_DE\" \/>\n<meta property=\"og:type\" content=\"article\" \/>\n<meta property=\"og:title\" content=\"Contacto | Jorge Fisioterapia\" \/>\n<meta property=\"og:description\" content=\"\u00a1Cont\u00e1ctanos! Nosotros valoramos tus comentarios y preguntas. Utiliza nuestros datos de contacto para comunicarte con nosotros.\" \/>\n<meta property=\"og:url\" content=\"https:\/\/www.jorgefisioterapia.es\/de\/kontakt\/\" \/>\n<meta property=\"og:site_name\" content=\"Jorge Fisioterapia\" \/>\n<meta property=\"article:modified_time\" content=\"2024-05-07T08:31:11+00:00\" \/>\n<meta property=\"og:image\" content=\"https:\/\/www.jorgefisioterapia.es\/wp-content\/uploads\/2023\/08\/jorge_fisioterapia_0001-2.jpeg\" \/>\n\t<meta property=\"og:image:width\" content=\"1920\" \/>\n\t<meta property=\"og:image:height\" content=\"1281\" \/>\n\t<meta property=\"og:image:type\" content=\"image\/jpeg\" \/>\n<meta name=\"twitter:card\" content=\"summary_large_image\" \/>\n<script type=\"application\/ld+json\" class=\"yoast-schema-graph\">{\"@context\":\"https:\/\/schema.org\",\"@graph\":[{\"@type\":\"WebPage\",\"@id\":\"https:\/\/www.jorgefisioterapia.es\/contacto\/\",\"url\":\"https:\/\/www.jorgefisioterapia.es\/contacto\/\",\"name\":\"Contacto | Jorge Fisioterapia\",\"isPartOf\":{\"@id\":\"https:\/\/www.jorgefisioterapia.es\/#website\"},\"primaryImageOfPage\":{\"@id\":\"https:\/\/www.jorgefisioterapia.es\/contacto\/#primaryimage\"},\"image\":{\"@id\":\"https:\/\/www.jorgefisioterapia.es\/contacto\/#primaryimage\"},\"thumbnailUrl\":\"https:\/\/www.jorgefisioterapia.es\/wp-content\/uploads\/2023\/08\/jorge_fisioterapia_0001-2.jpeg\",\"datePublished\":\"2023-08-19T15:27:01+00:00\",\"dateModified\":\"2024-05-07T08:31:11+00:00\",\"description\":\"\u00a1Cont\u00e1ctanos! Nosotros valoramos tus comentarios y preguntas. Utiliza nuestros datos de contacto para comunicarte con nosotros.\",\"breadcrumb\":{\"@id\":\"https:\/\/www.jorgefisioterapia.es\/contacto\/#breadcrumb\"},\"inLanguage\":\"de\",\"potentialAction\":[{\"@type\":\"ReadAction\",\"target\":[\"https:\/\/www.jorgefisioterapia.es\/contacto\/\"]}]},{\"@type\":\"ImageObject\",\"inLanguage\":\"de\",\"@id\":\"https:\/\/www.jorgefisioterapia.es\/contacto\/#primaryimage\",\"url\":\"https:\/\/www.jorgefisioterapia.es\/wp-content\/uploads\/2023\/08\/jorge_fisioterapia_0001-2.jpeg\",\"contentUrl\":\"https:\/\/www.jorgefisioterapia.es\/wp-content\/uploads\/2023\/08\/jorge_fisioterapia_0001-2.jpeg\",\"width\":1920,\"height\":1281,\"caption\":\"columna\"},{\"@type\":\"BreadcrumbList\",\"@id\":\"https:\/\/www.jorgefisioterapia.es\/contacto\/#breadcrumb\",\"itemListElement\":[{\"@type\":\"ListItem\",\"position\":1,\"name\":\"Inicio\",\"item\":\"https:\/\/www.jorgefisioterapia.es\/\"},{\"@type\":\"ListItem\",\"position\":2,\"name\":\"Contacto\"}]},{\"@type\":\"WebSite\",\"@id\":\"https:\/\/www.jorgefisioterapia.es\/#website\",\"url\":\"https:\/\/www.jorgefisioterapia.es\/\",\"name\":\"Jorge Fisioterapia\",\"description\":\"Tu fisioterapeuta de confianza\",\"publisher\":{\"@id\":\"https:\/\/www.jorgefisioterapia.es\/#organization\"},\"potentialAction\":[{\"@type\":\"SearchAction\",\"target\":{\"@type\":\"EntryPoint\",\"urlTemplate\":\"https:\/\/www.jorgefisioterapia.es\/?s={search_term_string}\"},\"query-input\":{\"@type\":\"PropertyValueSpecification\",\"valueRequired\":true,\"valueName\":\"search_term_string\"}}],\"inLanguage\":\"de\"},{\"@type\":\"Organization\",\"@id\":\"https:\/\/www.jorgefisioterapia.es\/#organization\",\"name\":\"Jorge Fisioterapia\",\"url\":\"https:\/\/www.jorgefisioterapia.es\/\",\"logo\":{\"@type\":\"ImageObject\",\"inLanguage\":\"de\",\"@id\":\"https:\/\/www.jorgefisioterapia.es\/#\/schema\/logo\/image\/\",\"url\":\"https:\/\/www.jorgefisioterapia.es\/wp-content\/uploads\/2023\/08\/logo-cuadrado.svg\",\"contentUrl\":\"https:\/\/www.jorgefisioterapia.es\/wp-content\/uploads\/2023\/08\/logo-cuadrado.svg\",\"width\":1743,\"height\":1390,\"caption\":\"Jorge Fisioterapia\"},\"image\":{\"@id\":\"https:\/\/www.jorgefisioterapia.es\/#\/schema\/logo\/image\/\"}}]}<\/script>\n<!-- \/ Yoast SEO plugin. -->","yoast_head_json":{"title":"Contacto | Jorge Fisioterapia","description":"\u00a1Cont\u00e1ctanos! Nosotros valoramos tus comentarios y preguntas. Utiliza nuestros datos de contacto para comunicarte con nosotros.","robots":{"index":"index","follow":"follow","max-snippet":"max-snippet:-1","max-image-preview":"max-image-preview:large","max-video-preview":"max-video-preview:-1"},"canonical":"https:\/\/www.jorgefisioterapia.es\/de\/kontakt\/","og_locale":"de_DE","og_type":"article","og_title":"Contacto | Jorge Fisioterapia","og_description":"\u00a1Cont\u00e1ctanos! Nosotros valoramos tus comentarios y preguntas. Utiliza nuestros datos de contacto para comunicarte con nosotros.","og_url":"https:\/\/www.jorgefisioterapia.es\/de\/kontakt\/","og_site_name":"Jorge Fisioterapia","article_modified_time":"2024-05-07T08:31:11+00:00","og_image":[{"width":1920,"height":1281,"url":"https:\/\/www.jorgefisioterapia.es\/wp-content\/uploads\/2023\/08\/jorge_fisioterapia_0001-2.jpeg","type":"image\/jpeg"}],"twitter_card":"summary_large_image","schema":{"@context":"https:\/\/schema.org","@graph":[{"@type":"WebPage","@id":"https:\/\/www.jorgefisioterapia.es\/contacto\/","url":"https:\/\/www.jorgefisioterapia.es\/contacto\/","name":"Contacto | Jorge Fisioterapia","isPartOf":{"@id":"https:\/\/www.jorgefisioterapia.es\/#website"},"primaryImageOfPage":{"@id":"https:\/\/www.jorgefisioterapia.es\/contacto\/#primaryimage"},"image":{"@id":"https:\/\/www.jorgefisioterapia.es\/contacto\/#primaryimage"},"thumbnailUrl":"https:\/\/www.jorgefisioterapia.es\/wp-content\/uploads\/2023\/08\/jorge_fisioterapia_0001-2.jpeg","datePublished":"2023-08-19T15:27:01+00:00","dateModified":"2024-05-07T08:31:11+00:00","description":"\u00a1Cont\u00e1ctanos! Nosotros valoramos tus comentarios y preguntas. Utiliza nuestros datos de contacto para comunicarte con nosotros.","breadcrumb":{"@id":"https:\/\/www.jorgefisioterapia.es\/contacto\/#breadcrumb"},"inLanguage":"de","potentialAction":[{"@type":"ReadAction","target":["https:\/\/www.jorgefisioterapia.es\/contacto\/"]}]},{"@type":"ImageObject","inLanguage":"de","@id":"https:\/\/www.jorgefisioterapia.es\/contacto\/#primaryimage","url":"https:\/\/www.jorgefisioterapia.es\/wp-content\/uploads\/2023\/08\/jorge_fisioterapia_0001-2.jpeg","contentUrl":"https:\/\/www.jorgefisioterapia.es\/wp-content\/uploads\/2023\/08\/jorge_fisioterapia_0001-2.jpeg","width":1920,"height":1281,"caption":"columna"},{"@type":"BreadcrumbList","@id":"https:\/\/www.jorgefisioterapia.es\/contacto\/#breadcrumb","itemListElement":[{"@type":"ListItem","position":1,"name":"Inicio","item":"https:\/\/www.jorgefisioterapia.es\/"},{"@type":"ListItem","position":2,"name":"Contacto"}]},{"@type":"WebSite","@id":"https:\/\/www.jorgefisioterapia.es\/#website","url":"https:\/\/www.jorgefisioterapia.es\/","name":"Jorge Fisioterapia","description":"Tu fisioterapeuta de confianza","publisher":{"@id":"https:\/\/www.jorgefisioterapia.es\/#organization"},"potentialAction":[{"@type":"SearchAction","target":{"@type":"EntryPoint","urlTemplate":"https:\/\/www.jorgefisioterapia.es\/?s={search_term_string}"},"query-input":{"@type":"PropertyValueSpecification","valueRequired":true,"valueName":"search_term_string"}}],"inLanguage":"de"},{"@type":"Organization","@id":"https:\/\/www.jorgefisioterapia.es\/#organization","name":"Jorge Fisioterapia","url":"https:\/\/www.jorgefisioterapia.es\/","logo":{"@type":"ImageObject","inLanguage":"de","@id":"https:\/\/www.jorgefisioterapia.es\/#\/schema\/logo\/image\/","url":"https:\/\/www.jorgefisioterapia.es\/wp-content\/uploads\/2023\/08\/logo-cuadrado.svg","contentUrl":"https:\/\/www.jorgefisioterapia.es\/wp-content\/uploads\/2023\/08\/logo-cuadrado.svg","width":1743,"height":1390,"caption":"Jorge Fisioterapia"},"image":{"@id":"https:\/\/www.jorgefisioterapia.es\/#\/schema\/logo\/image\/"}}]}},"_links":{"self":[{"href":"https:\/\/www.jorgefisioterapia.es\/de\/wp-json\/wp\/v2\/pages\/1333","targetHints":{"allow":["GET"]}}],"collection":[{"href":"https:\/\/www.jorgefisioterapia.es\/de\/wp-json\/wp\/v2\/pages"}],"about":[{"href":"https:\/\/www.jorgefisioterapia.es\/de\/wp-json\/wp\/v2\/types\/page"}],"author":[{"embeddable":true,"href":"https:\/\/www.jorgefisioterapia.es\/de\/wp-json\/wp\/v2\/users\/5"}],"replies":[{"embeddable":true,"href":"https:\/\/www.jorgefisioterapia.es\/de\/wp-json\/wp\/v2\/comments?post=1333"}],"version-history":[{"count":5,"href":"https:\/\/www.jorgefisioterapia.es\/de\/wp-json\/wp\/v2\/pages\/1333\/revisions"}],"predecessor-version":[{"id":1477,"href":"https:\/\/www.jorgefisioterapia.es\/de\/wp-json\/wp\/v2\/pages\/1333\/revisions\/1477"}],"wp:featuredmedia":[{"embeddable":true,"href":"https:\/\/www.jorgefisioterapia.es\/de\/wp-json\/wp\/v2\/media\/1336"}],"wp:attachment":[{"href":"https:\/\/www.jorgefisioterapia.es\/de\/wp-json\/wp\/v2\/media?parent=1333"}],"curies":[{"name":"wp","href":"https:\/\/api.w.org\/{rel}","templated":true}]}}