{"id":1341,"date":"2023-08-19T17:27:04","date_gmt":"2023-08-19T15:27:04","guid":{"rendered":"https:\/\/www.jorgefisioterapia.es\/politica-de-privacidad-3\/"},"modified":"2024-05-07T11:03:44","modified_gmt":"2024-05-07T09:03:44","slug":"politica-de-privacidad","status":"publish","type":"page","link":"https:\/\/www.jorgefisioterapia.es\/de\/datenschutzrichtlinie\/","title":{"rendered":"Datenschutz-Bestimmungen"},"content":{"rendered":"<div data-elementor-type=\"wp-page\" data-elementor-id=\"1341\" class=\"elementor elementor-1341\" data-elementor-post-type=\"page\">\n\t\t\t\t\t\t<section class=\"elementor-section elementor-top-section elementor-element elementor-element-368d999a elementor-section-full_width elementor-section-height-default elementor-section-height-default\" data-id=\"368d999a\" data-element_type=\"section\" data-settings=\"{&quot;background_background&quot;:&quot;classic&quot;,&quot;background_motion_fx_motion_fx_scrolling&quot;:&quot;yes&quot;,&quot;background_motion_fx_devices&quot;:[&quot;desktop&quot;,&quot;tablet&quot;,&quot;mobile&quot;]}\">\n\t\t\t\t\t\t\t<div class=\"elementor-background-overlay\"><\/div>\n\t\t\t\t\t\t\t<div class=\"elementor-container elementor-column-gap-no\">\n\t\t\t\t\t<div class=\"elementor-column elementor-col-100 elementor-top-column elementor-element elementor-element-47af54d6\" data-id=\"47af54d6\" data-element_type=\"column\" data-settings=\"{&quot;background_background&quot;:&quot;classic&quot;}\">\n\t\t\t<div class=\"elementor-widget-wrap elementor-element-populated\">\n\t\t\t\t\t\t<div class=\"elementor-element elementor-element-144d7cd0 elementor-widget__width-auto elementor-mobile-align-center elementor-widget-mobile__width-auto elementor-widget elementor-widget-breadcrumbs\" data-id=\"144d7cd0\" data-element_type=\"widget\" data-widget_type=\"breadcrumbs.default\">\n\t\t\t\t<div class=\"elementor-widget-container\">\n\t\t\t\t\t<p id=\"breadcrumbs\"><span><span><a href=\"https:\/\/www.jorgefisioterapia.es\/de\">Start<\/a><\/span><\/span><\/p>\t\t\t\t<\/div>\n\t\t\t\t<\/div>\n\t\t\t\t<div class=\"elementor-element elementor-element-522e901 elementor-invisible elementor-widget elementor-widget-heading\" data-id=\"522e901\" data-element_type=\"widget\" data-settings=\"{&quot;_animation&quot;:&quot;fadeInLeft&quot;}\" data-widget_type=\"heading.default\">\n\t\t\t\t<div class=\"elementor-widget-container\">\n\t\t\t\t\t<h1 class=\"elementor-heading-title elementor-size-default\">DATENSCHUTZRICHTLINIE<\/h1>\t\t\t\t<\/div>\n\t\t\t\t<\/div>\n\t\t\t\t<div class=\"elementor-element elementor-element-7123fede elementor-widget elementor-widget-text-editor\" data-id=\"7123fede\" data-element_type=\"widget\" data-widget_type=\"text-editor.default\">\n\t\t\t\t<div class=\"elementor-widget-container\">\n\t\t\t\t\t\t\t\t\t<p style=\"text-align: center;\">Wir informieren Sie \u00fcber die Einhaltung der LOPD in Bezug auf die Verarbeitung der erhaltenen Daten <br \/>als Folge des Surfens auf dieser Website.<\/p>\t\t\t\t\t\t\t\t<\/div>\n\t\t\t\t<\/div>\n\t\t\t\t<section class=\"elementor-section elementor-inner-section elementor-element elementor-element-75077794 elementor-section-boxed elementor-section-height-default elementor-section-height-default\" data-id=\"75077794\" data-element_type=\"section\">\n\t\t\t\t\t\t<div class=\"elementor-container elementor-column-gap-default\">\n\t\t\t\t\t<div class=\"elementor-column elementor-col-100 elementor-inner-column elementor-element elementor-element-2015d1ea\" data-id=\"2015d1ea\" data-element_type=\"column\">\n\t\t\t<div class=\"elementor-widget-wrap\">\n\t\t\t\t\t\t\t<\/div>\n\t\t<\/div>\n\t\t\t\t\t<\/div>\n\t\t<\/section>\n\t\t\t\t\t<\/div>\n\t\t<\/div>\n\t\t\t\t\t<\/div>\n\t\t<\/section>\n\t\t\t\t<section class=\"elementor-section elementor-top-section elementor-element elementor-element-c629b67 elementor-section-boxed elementor-section-height-default elementor-section-height-default\" data-id=\"c629b67\" data-element_type=\"section\">\n\t\t\t\t\t\t<div class=\"elementor-container elementor-column-gap-default\">\n\t\t\t\t\t<div class=\"elementor-column elementor-col-100 elementor-top-column elementor-element elementor-element-3ce3d03\" data-id=\"3ce3d03\" data-element_type=\"column\">\n\t\t\t<div class=\"elementor-widget-wrap elementor-element-populated\">\n\t\t\t\t\t\t<div class=\"elementor-element elementor-element-b4b3079 elementor-widget__width-initial elementor-widget elementor-widget-text-editor\" data-id=\"b4b3079\" data-element_type=\"widget\" data-widget_type=\"text-editor.default\">\n\t\t\t\t<div class=\"elementor-widget-container\">\n\t\t\t\t\t\t\t\t\t<p class=\"p1\">1. <b>VERANTWORTLICH<\/b><\/p><p class=\"p1\"><b>\u00a0<\/b><\/p><p class=\"p1\">A. Kontaktinformationen des Verantwortlichen<\/p><p class=\"p1\">Der Verantwortliche f\u00fcr die \u00fcber diese Website gesammelten Daten ist JORGE GARCIA PASTOR mit Anschrift<\/p><p class=\"p1\">SUPERA AZC\u00c1RRAGA GYM, PLAZA DE CONCHA HERE, S\/N, 33010, OVIEDO (ASTURIEN) UND CIF<\/p><p class=\"p1\">53543731F.<\/p><p class=\"p1\">Sie k\u00f6nnen den Verantwortlichen \u00fcber die folgende E-Mail kontaktieren<\/p><p class=\"p1\">fisioterapiagarciapastor@gmail.com o en el tel\u00e9fono 619725044<\/p><p class=\"p1\">B. Identit\u00e4t und Kontaktinformationen des Vertreters<\/p><p class=\"p1\">JORGE GARCIA PASTOR<\/p><p class=\"p1\">Telefon 619725044<\/p><p class=\"p1\">\u00a0<\/p><p class=\"p1\">2<b>. ZWECK<\/b><\/p><p class=\"p1\"><b>\u00a0<\/b><\/p><p class=\"p1\">A. Erweiterte Beschreibung der Zwecke der Verarbeitung<\/p><p class=\"p1\">Werbung und kommerzielle Prospektion<\/p><p class=\"p1\">Anforderungsmanagement<\/p><p class=\"p1\">B. Datenaufbewahrungsfristen oder -kriterien<\/p><p class=\"p1\">Wir bewahren die Daten so lange auf, wie es f\u00fcr die Beantwortung der Anfrage und deren Erf\u00fcllung erforderlich ist<\/p><p class=\"p1\">mit den erforderlichen rechtlichen Verpflichtungen.<\/p><p class=\"p1\">Die von Ihnen mitgeteilten Daten werden so lange gespeichert, wie es f\u00fcr die Zwecke erforderlich ist<\/p><p class=\"p1\">zu den in Punkt 2.A. genannten Zwecken verarbeitet oder auch f\u00fcr die erforderliche Zeit gespeichert<\/p><p class=\"p1\">unterschiedliche anwendbare Gesetze.<\/p><p class=\"p1\">C. Automatisierte Entscheidungen, Profile und angewandte Logik<\/p><p class=\"p1\">Die \u00fcber die Website erhobenen Daten werden nicht zur Entscheidungsfindung genutzt<\/p><p class=\"p1\">automatisiert.<\/p><p class=\"p1\">\u00a0<\/p><p class=\"p1\">3.<b> LEGITIMATION<\/b><\/p><p class=\"p1\"><b>\u00a0<\/b><\/p><p class=\"p1\">A. Anwendbare Gesetzgebung<\/p><p class=\"p1\">Die angewandte Gesetzgebung ist die Datenschutz-Grundverordnung 2016\/679 vom 27. April<\/p><p class=\"p1\">von 2016 sowie Organgesetz 3\/2018 vom 5. Dezember zum Schutz personenbezogener Daten und<\/p><p class=\"p1\">Gew\u00e4hrleistung digitaler Rechte.<\/p><p class=\"p1\">B. Angaben zur Rechtsgrundlage der Behandlung, bei Vorliegen einer gesetzlichen Verpflichtung, Interesse<\/p><p class=\"p1\">\u00f6ffentliches oder \u00f6ffentliches Interesse oder berechtigtes Interesse<\/p><p class=\"p1\">Art. 6 Abs. 1 Buchstabe a. Dabei wird die Einwilligung des Interessenten als legitime Grundlage angesehen<\/p><p class=\"p1\">f\u00fcr die Verarbeitung der in dieser Datei enthaltenen personenbezogenen Daten.<\/p><p class=\"p1\">C. Verpflichtung oder Nichtbereitstellung von Daten und Folgen einer Nichtbereitstellung<\/p><p class=\"p1\">Sie sind nicht verpflichtet, uns die Daten bereitzustellen, die Bereitstellung ist jedoch f\u00fcr die Verwaltung erforderlich<\/p><p class=\"p1\">Vorschl\u00e4ge oder W\u00fcnsche, die Sie \u00fcber die Website an uns richten m\u00fcssen.<\/p><p class=\"p1\">\u00a0<\/p><p class=\"p1\">4<b>. EMPF\u00c4NGER<\/b><\/p><p class=\"p1\"><b>\u00a0<\/b><\/p><p class=\"p1\">A. Empf\u00e4nger<\/p><p class=\"p1\">Organisationen oder Personen, die in direktem Zusammenhang mit dem Unternehmen stehen, \u00f6ffentliche Verwaltung mit<\/p><p class=\"p1\">Kompetenz im Fachgebiet<\/p><p class=\"p1\">B. Spezifische Empf\u00e4nger<\/p><p class=\"p1\">Es besteht die M\u00f6glichkeit, dass Auftragsverarbeiter auf die hierdurch bereitgestellten Daten zugreifen<\/p><p class=\"p1\">Website zur Aus\u00fcbung ihrer Wartungsfunktionen.<\/p><p class=\"p1\">C. Angemessenheitsentscheidungen, Garantien, verbindliche Unternehmensregeln oder -situationen<\/p><p class=\"p1\">anwendbare Besonderheiten<\/p><p class=\"p2\"><b>JORGE GARCIA PASTOR <span class=\"s1\">10<\/span><\/b><\/p><p class=\"p1\">Sie existieren nicht.<\/p><p class=\"p1\">D. Internationale \u00dcberweisungen<\/p><p class=\"p1\">Die \u00fcber die Website gesammelten Daten k\u00f6nnen an Drittorganisationen weitergegeben werden<\/p><p class=\"p1\">L\u00e4nder mit einem angemessenen Schutzniveau.<\/p><p class=\"p1\">\u00a0<\/p><p class=\"p1\"><b>5. RECHTE<\/b><\/p><p class=\"p1\"><b>\u00a0<\/b><\/p><p class=\"p1\">A. So \u00fcben Sie die Rechte auf Zugang, Berichtigung, L\u00f6schung und \u00dcbertragbarkeit Ihrer Daten aus<\/p><p class=\"p1\">Daten sowie die Einschr\u00e4nkung oder den Widerspruch gegen deren Verarbeitung<\/p><p class=\"p1\">Der Interessent kann die Daten, die das Unternehmen \u00fcber ihn hat, kennen, \u00e4ndern oder l\u00f6schen<\/p><p class=\"p1\">Person per E-Mail unter Angabe ihres Ausweises oder per Post an GIMNASIO<\/p><p class=\"p1\">SUPERA AZC\u00c1RRAGA, PLAZA DE CONCHA HERE, S\/N, 33010, OVIEDO (ASTURIEN). Die Interessierten<\/p><p class=\"p1\">Sie k\u00f6nnen Ihre Daten an ein anderes Unternehmen \u00fcbertragen oder die vorhandenen Daten des Unternehmens einschr\u00e4nken.<\/p><p class=\"p1\">zu Ihrer Person per E-Mail unter Angabe Ihres Ausweises oder per Post an<\/p><p class=\"p1\">SUPERA AZC\u00c1RRAGA GYMNASIUM, PLAZA DE CONCHA HERE, S\/N, 33010, OVIEDO (ASTURIEN).<\/p><p class=\"p1\">B. Recht auf Widerruf der erteilten Einwilligung<\/p><p class=\"p1\">Der Interessent kann die Daten, die das Unternehmen \u00fcber ihn hat, per E-Mail widerrufen.<\/p><p class=\"p1\">E-Mail mit Ihrem Ausweis oder per Post an GIMNASIO SUPERA AZC\u00c1RRAGA, PLAZA DE<\/p><p class=\"p1\">CONCHA HERES, S\/N, 33010, OVIEDO (ASTURIEN).<\/p><p class=\"p1\">C. Recht auf Beschwerde bei der Kontrollbeh\u00f6rde<\/p><p class=\"p1\">Der Interessent kann sich \u00fcber alles bei der spanischen Datenschutzbeh\u00f6rde beschweren<\/p><p class=\"p1\">Vorfall, der auftreten kann.<\/p><p class=\"p1\">\u00a0<\/p><p class=\"p1\">6<b>. HERKUNFT<\/b><\/p><p class=\"p1\"><b>\u00a0<\/b><\/p><p class=\"p1\">A. Detaillierte Angaben zur Herkunft der Daten<\/p><p class=\"p1\">Wird vom Interessenten selbst bereitgestellt<\/p><p class=\"p1\">B. Kategorien der verarbeiteten Daten<\/p><p class=\"p1\">Name und Nachname<\/p><p class=\"p1\">Email<\/p>\t\t\t\t\t\t\t\t<\/div>\n\t\t\t\t<\/div>\n\t\t\t\t<div class=\"elementor-element elementor-element-7656610 elementor-widget elementor-widget-image\" data-id=\"7656610\" data-element_type=\"widget\" data-widget_type=\"image.default\">\n\t\t\t\t<div class=\"elementor-widget-container\">\n\t\t\t\t\t\t\t\t\t\t\t\t\t\t\t<img fetchpriority=\"high\" decoding=\"async\" width=\"782\" height=\"902\" src=\"https:\/\/www.jorgefisioterapia.es\/wp-content\/uploads\/2024\/05\/captura-de-pantalla-2024-05-07-a-las-10.59.59.png\" class=\"attachment-large size-large wp-image-1483\" alt=\"\" srcset=\"https:\/\/www.jorgefisioterapia.es\/wp-content\/uploads\/2024\/05\/captura-de-pantalla-2024-05-07-a-las-10.59.59.png 782w, https:\/\/www.jorgefisioterapia.es\/wp-content\/uploads\/2024\/05\/captura-de-pantalla-2024-05-07-a-las-10.59.59-260x300.png 260w, https:\/\/www.jorgefisioterapia.es\/wp-content\/uploads\/2024\/05\/captura-de-pantalla-2024-05-07-a-las-10.59.59-768x886.png 768w, https:\/\/www.jorgefisioterapia.es\/wp-content\/uploads\/2024\/05\/captura-de-pantalla-2024-05-07-a-las-10.59.59-10x12.png 10w\" sizes=\"(max-width: 782px) 100vw, 782px\" \/>\t\t\t\t\t\t\t\t\t\t\t\t\t\t\t<\/div>\n\t\t\t\t<\/div>\n\t\t\t\t<div class=\"elementor-element elementor-element-d63e462 elementor-widget elementor-widget-image\" data-id=\"d63e462\" data-element_type=\"widget\" data-widget_type=\"image.default\">\n\t\t\t\t<div class=\"elementor-widget-container\">\n\t\t\t\t\t\t\t\t\t\t\t\t\t\t\t<img decoding=\"async\" width=\"781\" height=\"566\" src=\"https:\/\/www.jorgefisioterapia.es\/wp-content\/uploads\/2024\/05\/captura-de-pantalla-2024-05-07-a-las-11.00.39.png\" class=\"attachment-large size-large wp-image-1484\" alt=\"\" srcset=\"https:\/\/www.jorgefisioterapia.es\/wp-content\/uploads\/2024\/05\/captura-de-pantalla-2024-05-07-a-las-11.00.39.png 781w, https:\/\/www.jorgefisioterapia.es\/wp-content\/uploads\/2024\/05\/captura-de-pantalla-2024-05-07-a-las-11.00.39-300x217.png 300w, https:\/\/www.jorgefisioterapia.es\/wp-content\/uploads\/2024\/05\/captura-de-pantalla-2024-05-07-a-las-11.00.39-768x557.png 768w, https:\/\/www.jorgefisioterapia.es\/wp-content\/uploads\/2024\/05\/captura-de-pantalla-2024-05-07-a-las-11.00.39-18x12.png 18w\" sizes=\"(max-width: 781px) 100vw, 781px\" \/>\t\t\t\t\t\t\t\t\t\t\t\t\t\t\t<\/div>\n\t\t\t\t<\/div>\n\t\t\t\t\t<\/div>\n\t\t<\/div>\n\t\t\t\t\t<\/div>\n\t\t<\/section>\n\t\t\t\t<section class=\"elementor-section elementor-top-section elementor-element elementor-element-33d98f5b elementor-section-boxed elementor-section-height-default elementor-section-height-default\" data-id=\"33d98f5b\" data-element_type=\"section\">\n\t\t\t\t\t\t<div class=\"elementor-container elementor-column-gap-default\">\n\t\t\t\t\t<div class=\"elementor-column elementor-col-100 elementor-top-column elementor-element elementor-element-2ee05317\" data-id=\"2ee05317\" data-element_type=\"column\">\n\t\t\t<div class=\"elementor-widget-wrap elementor-element-populated\">\n\t\t\t\t\t\t<div class=\"elementor-element elementor-element-5f0e0f34 elementor-align-center elementor-widget elementor-widget-button\" data-id=\"5f0e0f34\" data-element_type=\"widget\" data-widget_type=\"button.default\">\n\t\t\t\t<div class=\"elementor-widget-container\">\n\t\t\t\t\t\t\t\t\t<div class=\"elementor-button-wrapper\">\n\t\t\t\t\t<a class=\"elementor-button elementor-button-link elementor-size-md elementor-animation-grow\" href=\"https:\/\/www.jorgefisioterapia.es\/de\/kontakt\/\">\n\t\t\t\t\t\t<span class=\"elementor-button-content-wrapper\">\n\t\t\t\t\t\t\t\t\t<span class=\"elementor-button-text\">Frage nach mehr Informationen<\/span>\n\t\t\t\t\t<\/span>\n\t\t\t\t\t<\/a>\n\t\t\t\t<\/div>\n\t\t\t\t\t\t\t\t<\/div>\n\t\t\t\t<\/div>\n\t\t\t\t\t<\/div>\n\t\t<\/div>\n\t\t\t\t\t<\/div>\n\t\t<\/section>\n\t\t\t\t<\/div>","protected":false},"excerpt":{"rendered":"<p>POL\u00cdTICA DE PROTECCION DE DATOS Te informamos sobre el cumplimiento de la LOPD en relaci\u00f3n al tratamiento de los datos obtenidos como consecuencia de la navegaci\u00f3n a trav\u00e9s de esta web. 1. RESPONSABLE \u00a0 A. Datos de contacto del Responsable El responsable de los datos recabados mediante esta web es JORGE GARCIA PASTOR con direcci\u00f3n [&hellip;]<\/p>","protected":false},"author":5,"featured_media":1344,"parent":0,"menu_order":6,"comment_status":"closed","ping_status":"closed","template":"elementor_header_footer","meta":{"_joinchat":[],"footnotes":""},"class_list":["post-1341","page","type-page","status-publish","has-post-thumbnail","hentry"],"yoast_head":"<!-- This site is optimized with the Yoast SEO plugin v24.4 - https:\/\/yoast.com\/wordpress\/plugins\/seo\/ -->\n<title>Pol\u00edtica de privacidad | Jorge Fisioterapia<\/title>\n<meta name=\"description\" content=\"Bienvenido a nuestra Pol\u00edtica de Privacidad. Te informamos sobre la recopilaci\u00f3n, uso y protecci\u00f3n de tus datos.\" \/>\n<meta name=\"robots\" content=\"index, follow, max-snippet:-1, max-image-preview:large, max-video-preview:-1\" \/>\n<link rel=\"canonical\" href=\"https:\/\/www.jorgefisioterapia.es\/de\/datenschutzrichtlinie\/\" \/>\n<meta property=\"og:locale\" content=\"de_DE\" \/>\n<meta property=\"og:type\" content=\"article\" \/>\n<meta property=\"og:title\" content=\"Pol\u00edtica de privacidad | Jorge Fisioterapia\" \/>\n<meta property=\"og:description\" content=\"Bienvenido a nuestra Pol\u00edtica de Privacidad. Te informamos sobre la recopilaci\u00f3n, uso y protecci\u00f3n de tus datos.\" \/>\n<meta property=\"og:url\" content=\"https:\/\/www.jorgefisioterapia.es\/de\/datenschutzrichtlinie\/\" \/>\n<meta property=\"og:site_name\" content=\"Jorge Fisioterapia\" \/>\n<meta property=\"article:modified_time\" content=\"2024-05-07T09:03:44+00:00\" \/>\n<meta property=\"og:image\" content=\"https:\/\/www.jorgefisioterapia.es\/wp-content\/uploads\/2023\/08\/sogepyme-alineas-de-negocio-scaled-1-1.jpg\" \/>\n\t<meta property=\"og:image:width\" content=\"1972\" \/>\n\t<meta property=\"og:image:height\" content=\"1200\" \/>\n\t<meta property=\"og:image:type\" content=\"image\/jpeg\" \/>\n<meta name=\"twitter:card\" content=\"summary_large_image\" \/>\n<script type=\"application\/ld+json\" class=\"yoast-schema-graph\">{\"@context\":\"https:\/\/schema.org\",\"@graph\":[{\"@type\":\"WebPage\",\"@id\":\"https:\/\/www.jorgefisioterapia.es\/politica-de-privacidad\/\",\"url\":\"https:\/\/www.jorgefisioterapia.es\/politica-de-privacidad\/\",\"name\":\"Pol\u00edtica de privacidad | Jorge Fisioterapia\",\"isPartOf\":{\"@id\":\"https:\/\/www.jorgefisioterapia.es\/#website\"},\"primaryImageOfPage\":{\"@id\":\"https:\/\/www.jorgefisioterapia.es\/politica-de-privacidad\/#primaryimage\"},\"image\":{\"@id\":\"https:\/\/www.jorgefisioterapia.es\/politica-de-privacidad\/#primaryimage\"},\"thumbnailUrl\":\"https:\/\/www.jorgefisioterapia.es\/wp-content\/uploads\/2023\/08\/sogepyme-alineas-de-negocio-scaled-1-1.jpg\",\"datePublished\":\"2023-08-19T15:27:04+00:00\",\"dateModified\":\"2024-05-07T09:03:44+00:00\",\"description\":\"Bienvenido a nuestra Pol\u00edtica de Privacidad. Te informamos sobre la recopilaci\u00f3n, uso y protecci\u00f3n de tus datos.\",\"breadcrumb\":{\"@id\":\"https:\/\/www.jorgefisioterapia.es\/politica-de-privacidad\/#breadcrumb\"},\"inLanguage\":\"de\",\"potentialAction\":[{\"@type\":\"ReadAction\",\"target\":[\"https:\/\/www.jorgefisioterapia.es\/politica-de-privacidad\/\"]}]},{\"@type\":\"ImageObject\",\"inLanguage\":\"de\",\"@id\":\"https:\/\/www.jorgefisioterapia.es\/politica-de-privacidad\/#primaryimage\",\"url\":\"https:\/\/www.jorgefisioterapia.es\/wp-content\/uploads\/2023\/08\/sogepyme-alineas-de-negocio-scaled-1-1.jpg\",\"contentUrl\":\"https:\/\/www.jorgefisioterapia.es\/wp-content\/uploads\/2023\/08\/sogepyme-alineas-de-negocio-scaled-1-1.jpg\",\"width\":1972,\"height\":1200,\"caption\":\"sogepyme\"},{\"@type\":\"BreadcrumbList\",\"@id\":\"https:\/\/www.jorgefisioterapia.es\/politica-de-privacidad\/#breadcrumb\",\"itemListElement\":[{\"@type\":\"ListItem\",\"position\":1,\"name\":\"Inicio\",\"item\":\"https:\/\/www.jorgefisioterapia.es\/\"},{\"@type\":\"ListItem\",\"position\":2,\"name\":\"Pol\u00edtica de privacidad\"}]},{\"@type\":\"WebSite\",\"@id\":\"https:\/\/www.jorgefisioterapia.es\/#website\",\"url\":\"https:\/\/www.jorgefisioterapia.es\/\",\"name\":\"Jorge Fisioterapia\",\"description\":\"Tu fisioterapeuta de confianza\",\"publisher\":{\"@id\":\"https:\/\/www.jorgefisioterapia.es\/#organization\"},\"potentialAction\":[{\"@type\":\"SearchAction\",\"target\":{\"@type\":\"EntryPoint\",\"urlTemplate\":\"https:\/\/www.jorgefisioterapia.es\/?s={search_term_string}\"},\"query-input\":{\"@type\":\"PropertyValueSpecification\",\"valueRequired\":true,\"valueName\":\"search_term_string\"}}],\"inLanguage\":\"de\"},{\"@type\":\"Organization\",\"@id\":\"https:\/\/www.jorgefisioterapia.es\/#organization\",\"name\":\"Jorge Fisioterapia\",\"url\":\"https:\/\/www.jorgefisioterapia.es\/\",\"logo\":{\"@type\":\"ImageObject\",\"inLanguage\":\"de\",\"@id\":\"https:\/\/www.jorgefisioterapia.es\/#\/schema\/logo\/image\/\",\"url\":\"https:\/\/www.jorgefisioterapia.es\/wp-content\/uploads\/2023\/08\/logo-cuadrado.svg\",\"contentUrl\":\"https:\/\/www.jorgefisioterapia.es\/wp-content\/uploads\/2023\/08\/logo-cuadrado.svg\",\"width\":1743,\"height\":1390,\"caption\":\"Jorge Fisioterapia\"},\"image\":{\"@id\":\"https:\/\/www.jorgefisioterapia.es\/#\/schema\/logo\/image\/\"}}]}<\/script>\n<!-- \/ Yoast SEO plugin. -->","yoast_head_json":{"title":"Pol\u00edtica de privacidad | Jorge Fisioterapia","description":"Bienvenido a nuestra Pol\u00edtica de Privacidad. Te informamos sobre la recopilaci\u00f3n, uso y protecci\u00f3n de tus datos.","robots":{"index":"index","follow":"follow","max-snippet":"max-snippet:-1","max-image-preview":"max-image-preview:large","max-video-preview":"max-video-preview:-1"},"canonical":"https:\/\/www.jorgefisioterapia.es\/de\/datenschutzrichtlinie\/","og_locale":"de_DE","og_type":"article","og_title":"Pol\u00edtica de privacidad | Jorge Fisioterapia","og_description":"Bienvenido a nuestra Pol\u00edtica de Privacidad. Te informamos sobre la recopilaci\u00f3n, uso y protecci\u00f3n de tus datos.","og_url":"https:\/\/www.jorgefisioterapia.es\/de\/datenschutzrichtlinie\/","og_site_name":"Jorge Fisioterapia","article_modified_time":"2024-05-07T09:03:44+00:00","og_image":[{"width":1972,"height":1200,"url":"https:\/\/www.jorgefisioterapia.es\/wp-content\/uploads\/2023\/08\/sogepyme-alineas-de-negocio-scaled-1-1.jpg","type":"image\/jpeg"}],"twitter_card":"summary_large_image","schema":{"@context":"https:\/\/schema.org","@graph":[{"@type":"WebPage","@id":"https:\/\/www.jorgefisioterapia.es\/politica-de-privacidad\/","url":"https:\/\/www.jorgefisioterapia.es\/politica-de-privacidad\/","name":"Pol\u00edtica de privacidad | Jorge Fisioterapia","isPartOf":{"@id":"https:\/\/www.jorgefisioterapia.es\/#website"},"primaryImageOfPage":{"@id":"https:\/\/www.jorgefisioterapia.es\/politica-de-privacidad\/#primaryimage"},"image":{"@id":"https:\/\/www.jorgefisioterapia.es\/politica-de-privacidad\/#primaryimage"},"thumbnailUrl":"https:\/\/www.jorgefisioterapia.es\/wp-content\/uploads\/2023\/08\/sogepyme-alineas-de-negocio-scaled-1-1.jpg","datePublished":"2023-08-19T15:27:04+00:00","dateModified":"2024-05-07T09:03:44+00:00","description":"Bienvenido a nuestra Pol\u00edtica de Privacidad. Te informamos sobre la recopilaci\u00f3n, uso y protecci\u00f3n de tus datos.","breadcrumb":{"@id":"https:\/\/www.jorgefisioterapia.es\/politica-de-privacidad\/#breadcrumb"},"inLanguage":"de","potentialAction":[{"@type":"ReadAction","target":["https:\/\/www.jorgefisioterapia.es\/politica-de-privacidad\/"]}]},{"@type":"ImageObject","inLanguage":"de","@id":"https:\/\/www.jorgefisioterapia.es\/politica-de-privacidad\/#primaryimage","url":"https:\/\/www.jorgefisioterapia.es\/wp-content\/uploads\/2023\/08\/sogepyme-alineas-de-negocio-scaled-1-1.jpg","contentUrl":"https:\/\/www.jorgefisioterapia.es\/wp-content\/uploads\/2023\/08\/sogepyme-alineas-de-negocio-scaled-1-1.jpg","width":1972,"height":1200,"caption":"sogepyme"},{"@type":"BreadcrumbList","@id":"https:\/\/www.jorgefisioterapia.es\/politica-de-privacidad\/#breadcrumb","itemListElement":[{"@type":"ListItem","position":1,"name":"Inicio","item":"https:\/\/www.jorgefisioterapia.es\/"},{"@type":"ListItem","position":2,"name":"Pol\u00edtica de privacidad"}]},{"@type":"WebSite","@id":"https:\/\/www.jorgefisioterapia.es\/#website","url":"https:\/\/www.jorgefisioterapia.es\/","name":"Jorge Fisioterapia","description":"Tu fisioterapeuta de confianza","publisher":{"@id":"https:\/\/www.jorgefisioterapia.es\/#organization"},"potentialAction":[{"@type":"SearchAction","target":{"@type":"EntryPoint","urlTemplate":"https:\/\/www.jorgefisioterapia.es\/?s={search_term_string}"},"query-input":{"@type":"PropertyValueSpecification","valueRequired":true,"valueName":"search_term_string"}}],"inLanguage":"de"},{"@type":"Organization","@id":"https:\/\/www.jorgefisioterapia.es\/#organization","name":"Jorge Fisioterapia","url":"https:\/\/www.jorgefisioterapia.es\/","logo":{"@type":"ImageObject","inLanguage":"de","@id":"https:\/\/www.jorgefisioterapia.es\/#\/schema\/logo\/image\/","url":"https:\/\/www.jorgefisioterapia.es\/wp-content\/uploads\/2023\/08\/logo-cuadrado.svg","contentUrl":"https:\/\/www.jorgefisioterapia.es\/wp-content\/uploads\/2023\/08\/logo-cuadrado.svg","width":1743,"height":1390,"caption":"Jorge Fisioterapia"},"image":{"@id":"https:\/\/www.jorgefisioterapia.es\/#\/schema\/logo\/image\/"}}]}},"_links":{"self":[{"href":"https:\/\/www.jorgefisioterapia.es\/de\/wp-json\/wp\/v2\/pages\/1341","targetHints":{"allow":["GET"]}}],"collection":[{"href":"https:\/\/www.jorgefisioterapia.es\/de\/wp-json\/wp\/v2\/pages"}],"about":[{"href":"https:\/\/www.jorgefisioterapia.es\/de\/wp-json\/wp\/v2\/types\/page"}],"author":[{"embeddable":true,"href":"https:\/\/www.jorgefisioterapia.es\/de\/wp-json\/wp\/v2\/users\/5"}],"replies":[{"embeddable":true,"href":"https:\/\/www.jorgefisioterapia.es\/de\/wp-json\/wp\/v2\/comments?post=1341"}],"version-history":[{"count":5,"href":"https:\/\/www.jorgefisioterapia.es\/de\/wp-json\/wp\/v2\/pages\/1341\/revisions"}],"predecessor-version":[{"id":1493,"href":"https:\/\/www.jorgefisioterapia.es\/de\/wp-json\/wp\/v2\/pages\/1341\/revisions\/1493"}],"wp:featuredmedia":[{"embeddable":true,"href":"https:\/\/www.jorgefisioterapia.es\/de\/wp-json\/wp\/v2\/media\/1344"}],"wp:attachment":[{"href":"https:\/\/www.jorgefisioterapia.es\/de\/wp-json\/wp\/v2\/media?parent=1341"}],"curies":[{"name":"wp","href":"https:\/\/api.w.org\/{rel}","templated":true}]}}