{"id":1349,"date":"2023-08-19T17:27:06","date_gmt":"2023-08-19T15:27:06","guid":{"rendered":"https:\/\/www.jorgefisioterapia.es\/accesibilidad-3\/"},"modified":"2023-08-21T12:55:31","modified_gmt":"2023-08-21T10:55:31","slug":"accesibilidad","status":"publish","type":"page","link":"https:\/\/www.jorgefisioterapia.es\/de\/barrierefreiheit\/","title":{"rendered":"Barrierefreiheit"},"content":{"rendered":"<div data-elementor-type=\"wp-page\" data-elementor-id=\"1349\" class=\"elementor elementor-1349\" data-elementor-post-type=\"page\">\n\t\t\t\t\t\t<section class=\"elementor-section elementor-top-section elementor-element elementor-element-23e1c271 elementor-section-full_width elementor-section-height-default elementor-section-height-default\" data-id=\"23e1c271\" data-element_type=\"section\" data-settings=\"{&quot;background_background&quot;:&quot;classic&quot;,&quot;background_motion_fx_motion_fx_scrolling&quot;:&quot;yes&quot;,&quot;background_motion_fx_devices&quot;:[&quot;desktop&quot;,&quot;tablet&quot;,&quot;mobile&quot;]}\">\n\t\t\t\t\t\t\t<div class=\"elementor-background-overlay\"><\/div>\n\t\t\t\t\t\t\t<div class=\"elementor-container elementor-column-gap-no\">\n\t\t\t\t\t<div class=\"elementor-column elementor-col-100 elementor-top-column elementor-element elementor-element-68e13242\" data-id=\"68e13242\" data-element_type=\"column\" data-settings=\"{&quot;background_background&quot;:&quot;classic&quot;}\">\n\t\t\t<div class=\"elementor-widget-wrap elementor-element-populated\">\n\t\t\t\t\t\t<div class=\"elementor-element elementor-element-2f270803 elementor-widget__width-auto elementor-mobile-align-center elementor-widget-mobile__width-auto elementor-widget elementor-widget-breadcrumbs\" data-id=\"2f270803\" data-element_type=\"widget\" data-widget_type=\"breadcrumbs.default\">\n\t\t\t\t<div class=\"elementor-widget-container\">\n\t\t\t\t\t<p id=\"breadcrumbs\"><span><span><a href=\"https:\/\/www.jorgefisioterapia.es\/de\">Start<\/a><\/span><\/span><\/p>\t\t\t\t<\/div>\n\t\t\t\t<\/div>\n\t\t\t\t<div class=\"elementor-element elementor-element-233e400f elementor-invisible elementor-widget elementor-widget-heading\" data-id=\"233e400f\" data-element_type=\"widget\" data-settings=\"{&quot;_animation&quot;:&quot;fadeInLeft&quot;}\" data-widget_type=\"heading.default\">\n\t\t\t\t<div class=\"elementor-widget-container\">\n\t\t\t\t\t<h1 class=\"elementor-heading-title elementor-size-default\">BARRIEREFREIHEIT<\/h1>\t\t\t\t<\/div>\n\t\t\t\t<\/div>\n\t\t\t\t<div class=\"elementor-element elementor-element-34f3877e elementor-widget elementor-widget-text-editor\" data-id=\"34f3877e\" data-element_type=\"widget\" data-widget_type=\"text-editor.default\">\n\t\t\t\t<div class=\"elementor-widget-container\">\n\t\t\t\t\t\t\t\t\t<p style=\"text-align: center;\">Verantwortliche Erkl\u00e4rung zur Barrierefreiheit dieser Website gem\u00e4\u00df den geltenden Vorschriften<\/p>\t\t\t\t\t\t\t\t<\/div>\n\t\t\t\t<\/div>\n\t\t\t\t\t<\/div>\n\t\t<\/div>\n\t\t\t\t\t<\/div>\n\t\t<\/section>\n\t\t\t\t<section class=\"elementor-section elementor-top-section elementor-element elementor-element-62acbce4 elementor-section-boxed elementor-section-height-default elementor-section-height-default\" data-id=\"62acbce4\" data-element_type=\"section\">\n\t\t\t\t\t\t<div class=\"elementor-container elementor-column-gap-default\">\n\t\t\t\t\t<div class=\"elementor-column elementor-col-100 elementor-top-column elementor-element elementor-element-605b4220\" data-id=\"605b4220\" data-element_type=\"column\">\n\t\t\t<div class=\"elementor-widget-wrap elementor-element-populated\">\n\t\t\t\t\t\t<div class=\"elementor-element elementor-element-61fdc9d0 elementor-widget elementor-widget-text-editor\" data-id=\"61fdc9d0\" data-element_type=\"widget\" data-widget_type=\"text-editor.default\">\n\t\t\t\t<div class=\"elementor-widget-container\">\n\t\t\t\t\t\t\t\t\t<p><strong>JORGE PHYSIOTHERAPIE<\/strong> ist bestrebt, allen Benutzern ein vollst\u00e4ndig barrierefreies Website-Erlebnis zu bieten, einschlie\u00dflich derjenigen, die beim Navigieren im Internet auf unterst\u00fctzende Technologien wie Bildschirmleseprogramme, Bildschirmvergr\u00f6\u00dferungssoftware und alternative Tastatureingabeger\u00e4te angewiesen sind <a class=\"ext\" href=\"https:\/\/www.boe.es\/diario_boe\/txt.php?id=BOE-A-2018-12699\" target=\"_blank\" rel=\"noopener noreferrer\" data-extlink=\"\">K\u00f6niglicher Erlass 1112\/2018 vom 7. September \u00fcber die Zug\u00e4nglichkeit von Websites und Anwendungen f\u00fcr mobile Ger\u00e4te im \u00f6ffentlichen Sektor.<\/a><\/p><p>Diese Erkl\u00e4rung zur Barrierefreiheit gilt f\u00fcr die Website: www.jorgefisioterapia.es<\/p>\t\t\t\t\t\t\t\t<\/div>\n\t\t\t\t<\/div>\n\t\t\t\t<div class=\"elementor-element elementor-element-4bb24622 elementor-invisible elementor-widget elementor-widget-heading\" data-id=\"4bb24622\" data-element_type=\"widget\" data-settings=\"{&quot;_animation&quot;:&quot;fadeIn&quot;}\" data-widget_type=\"heading.default\">\n\t\t\t\t<div class=\"elementor-widget-container\">\n\t\t\t\t\t<h2 class=\"elementor-heading-title elementor-size-default\">COMPLIANCE-STATUS<\/h2>\t\t\t\t<\/div>\n\t\t\t\t<\/div>\n\t\t\t\t<div class=\"elementor-element elementor-element-521a911 elementor-widget elementor-widget-text-editor\" data-id=\"521a911\" data-element_type=\"widget\" data-widget_type=\"text-editor.default\">\n\t\t\t\t<div class=\"elementor-widget-container\">\n\t\t\t\t\t\t\t\t\t<p>Aufgrund der Ausnahmen und der mangelnden Konformit\u00e4t der im folgenden Punkt genannten Aspekte entspricht diese Website teilweise der RD 1112\/2018.<\/p>\t\t\t\t\t\t\t\t<\/div>\n\t\t\t\t<\/div>\n\t\t\t\t<div class=\"elementor-element elementor-element-32f6b6a9 elementor-invisible elementor-widget elementor-widget-heading\" data-id=\"32f6b6a9\" data-element_type=\"widget\" data-settings=\"{&quot;_animation&quot;:&quot;fadeIn&quot;}\" data-widget_type=\"heading.default\">\n\t\t\t\t<div class=\"elementor-widget-container\">\n\t\t\t\t\t<h2 class=\"elementor-heading-title elementor-size-default\">INHALT NICHT ZUG\u00c4NGLICH<\/h2>\t\t\t\t<\/div>\n\t\t\t\t<\/div>\n\t\t\t\t<div class=\"elementor-element elementor-element-5eeaee70 elementor-widget elementor-widget-text-editor\" data-id=\"5eeaee70\" data-element_type=\"widget\" data-widget_type=\"text-editor.default\">\n\t\t\t\t<div class=\"elementor-widget-container\">\n\t\t\t\t\t\t\t\t\t<p><span style=\"color: var( --e-global-color-text ); font-family: var( --e-global-typography-text-font-family ), Sans-serif; font-size: var( --e-global-typography-text-font-size ); font-weight: var( --e-global-typography-text-font-weight );\">Der unten aufgef\u00fchrte Inhalt ist aus folgenden Gr\u00fcnden nicht zug\u00e4nglich:<\/span><\/p><h3 style=\"padding-left: 40px;\">Mangelhafte Einhaltung der RD 1112\/2018<\/h3><p style=\"padding-left: 40px;\">M\u00f6glicherweise werden nach dem 20. September 2018 Office-Dokumente im PDF-Format und in anderen Formaten ver\u00f6ffentlicht, die die Barrierefreiheitsanforderungen nicht vollst\u00e4ndig erf\u00fcllen. Zur Formalisierung von Beschwerden und R\u00fcckfragen k\u00f6nnen \u00fcber das Kontaktformular vollst\u00e4ndig zug\u00e4ngliche Dokumente angefordert werden.<\/p><p style=\"padding-left: 40px;\">Auf einigen Webseiten k\u00f6nnen bestimmte Bearbeitungscodefehler auftreten. [4.1.1 Verarbeitung]<\/p><h3 style=\"padding-left: 40px;\">Der Inhalt f\u00e4llt nicht in den Geltungsbereich des geltenden Rechts<\/h3><p style=\"padding-left: 40px;\">M\u00f6glicherweise wurden vor dem 20. September 2018 Office-Dateien im PDF-Format oder in anderen Formaten ver\u00f6ffentlicht, die nicht alle Barrierefreiheitsanforderungen vollst\u00e4ndig erf\u00fcllen. Allerdings wurden Anstrengungen unternommen, um sicherzustellen, dass die meisten von ihnen die Anforderungen erf\u00fcllen.<\/p>\t\t\t\t\t\t\t\t<\/div>\n\t\t\t\t<\/div>\n\t\t\t\t<div class=\"elementor-element elementor-element-5192edaf elementor-invisible elementor-widget elementor-widget-heading\" data-id=\"5192edaf\" data-element_type=\"widget\" data-settings=\"{&quot;_animation&quot;:&quot;fadeIn&quot;}\" data-widget_type=\"heading.default\">\n\t\t\t\t<div class=\"elementor-widget-container\">\n\t\t\t\t\t<h2 class=\"elementor-heading-title elementor-size-default\">OPTIONALE INHALTE<\/h2>\t\t\t\t<\/div>\n\t\t\t\t<\/div>\n\t\t\t\t<div class=\"elementor-element elementor-element-3b1047ac elementor-widget elementor-widget-text-editor\" data-id=\"3b1047ac\" data-element_type=\"widget\" data-widget_type=\"text-editor.default\">\n\t\t\t\t<div class=\"elementor-widget-container\">\n\t\t\t\t\t\t\t\t\t<p><span style=\"color: var( --e-global-color-text ); font-family: var( --e-global-typography-text-font-family ), Sans-serif; font-size: var( --e-global-typography-text-font-size ); font-weight: var( --e-global-typography-text-font-weight );\">Diese Website ist so konzipiert, dass die Textgr\u00f6\u00dfe und -farbe sowie der Hintergrund der Seite \u00fcber die Standardkonfigurationsoptionen der Browser ge\u00e4ndert werden k\u00f6nnen.<\/span><\/p>\n<p>Wenn Sie die Schriftgr\u00f6\u00dfe des Textes in den wichtigsten Grafikbrowsern \u00e4ndern m\u00f6chten, verwenden Sie die folgenden Men\u00fcs:<\/p>\n<ul>\n<li>Internet Explorer, Mozilla und Firefox: Ansicht &gt; Textgr\u00f6\u00dfe<\/li>\n<li>Opera: Ansicht &gt; Zoom<\/li>\n<li>Safari: Ansicht &gt; Text vergr\u00f6\u00dfern<\/li>\n<li>Chrome: Aktuelle Seite steuern &gt; Textgr\u00f6\u00dfe So \u00e4ndern Sie die Gr\u00f6\u00dfe aller Elemente auf der Seite:<\/li>\n<li>\n<ul>\n<li>Strg + +, um es zu erh\u00f6hen<\/li>\n<li>Strg + \u2013 um es zu verringern<\/li>\n<li>Strg + 0 stellt die urspr\u00fcngliche Gr\u00f6\u00dfe des Textes wieder her<\/li>\n<li>Wenn Sie das Stylesheet \u00fcberschreiben oder die Farbe des Textes \u00e4ndern m\u00f6chten, k\u00f6nnen Sie die Seite konsultieren <span lang=\"en\">So \u00e4ndern Sie die Textgr\u00f6\u00dfe oder Farben des WAI<\/span>, das ins Spanische \u00fcbersetzt unter Wie \u00e4ndere ich die Textgr\u00f6\u00dfe oder -farben? lesen kann.<\/li><\/ul><\/li><\/ul>\t\t\t\t\t\t\t\t<\/div>\n\t\t\t\t<\/div>\n\t\t\t\t<div class=\"elementor-element elementor-element-aa074f6 elementor-invisible elementor-widget elementor-widget-heading\" data-id=\"aa074f6\" data-element_type=\"widget\" data-settings=\"{&quot;_animation&quot;:&quot;fadeIn&quot;}\" data-widget_type=\"heading.default\">\n\t\t\t\t<div class=\"elementor-widget-container\">\n\t\t\t\t\t<h2 class=\"elementor-heading-title elementor-size-default\">Barrierefreiheitsfunktionen auf unserer Website<\/h2>\t\t\t\t<\/div>\n\t\t\t\t<\/div>\n\t\t\t\t<div class=\"elementor-element elementor-element-1493d2bf elementor-widget elementor-widget-text-editor\" data-id=\"1493d2bf\" data-element_type=\"widget\" data-widget_type=\"text-editor.default\">\n\t\t\t\t<div class=\"elementor-widget-container\">\n\t\t\t\t\t\t\t\t\t<div><span style=\"color: var( --e-global-color-text ); font-family: var( --e-global-typography-text-font-family ), Sans-serif; font-size: var( --e-global-typography-text-font-size ); font-weight: var( --e-global-typography-text-font-weight );\">Mediante el plugin \u00abOne Click Accessibility\u00bb hemos incorporado las siguientes herramientas para mejorar la accesibilidad:<\/span><\/div><ul><li>Schriftgr\u00f6\u00dfe \u00e4ndern (vergr\u00f6\u00dfern\/verkleinern)<\/li><li>Graustufen<\/li><li>negativer Kontrast<\/li><li>Hoher Kontrast<\/li><li>heller Hintergrund<\/li><li>Link unterstreichen<\/li><li>menschenlesbare Schriftart<\/li><li>Link zur Sitemap\/Kommentare\/Hilfeseiten<\/li><li>Aktivieren Sie \u201eZum Inhalt springen\u201c.<\/li><li>F\u00fcgen Sie den Umrissfokus f\u00fcr fokussierbare Elemente hinzu<\/li><li>Zielattribut aus Links entfernen<\/li><li>F\u00fcgen Sie allen Links Referenzrollen hinzu<\/li><li>Customizer zur Stilanpassung<\/li><\/ul>\t\t\t\t\t\t\t\t<\/div>\n\t\t\t\t<\/div>\n\t\t\t\t<div class=\"elementor-element elementor-element-112dc677 elementor-invisible elementor-widget elementor-widget-heading\" data-id=\"112dc677\" data-element_type=\"widget\" data-settings=\"{&quot;_animation&quot;:&quot;fadeIn&quot;}\" data-widget_type=\"heading.default\">\n\t\t\t\t<div class=\"elementor-widget-container\">\n\t\t\t\t\t<h2 class=\"elementor-heading-title elementor-size-default\">WO VERBESSERN WIR SICH<\/h2>\t\t\t\t<\/div>\n\t\t\t\t<\/div>\n\t\t\t\t<div class=\"elementor-element elementor-element-6a8e2cc1 elementor-widget elementor-widget-text-editor\" data-id=\"6a8e2cc1\" data-element_type=\"widget\" data-widget_type=\"text-editor.default\">\n\t\t\t\t<div class=\"elementor-widget-container\">\n\t\t\t\t\t\t\t\t\t<div><span style=\"color: var( --e-global-color-text ); font-family: var( --e-global-typography-text-font-family ), Sans-serif; font-size: var( --e-global-typography-text-font-size ); font-weight: var( --e-global-typography-text-font-weight );\">Dies ist Teil unserer gr\u00f6\u00dferen Bem\u00fchungen, die Erfahrung bei JORGE FISIOTERAPIA f\u00fcr alle zu einem einladenden und angenehmen Erlebnis zu machen. Bitte beachten Sie, dass wir zwar unser Bestes tun, um Informationen f\u00fcr alle Benutzer zug\u00e4nglich zu machen, wir jedoch nicht die Zug\u00e4nglichkeit von Websites Dritter garantieren k\u00f6nnen, auf die wir m\u00f6glicherweise verlinken.<\/span><\/div>\t\t\t\t\t\t\t\t<\/div>\n\t\t\t\t<\/div>\n\t\t\t\t<div class=\"elementor-element elementor-element-66503632 elementor-invisible elementor-widget elementor-widget-heading\" data-id=\"66503632\" data-element_type=\"widget\" data-settings=\"{&quot;_animation&quot;:&quot;fadeIn&quot;}\" data-widget_type=\"heading.default\">\n\t\t\t\t<div class=\"elementor-widget-container\">\n\t\t\t\t\t<h2 class=\"elementor-heading-title elementor-size-default\">KONTAKT ZUM SUPPORT ZUR Barrierefreiheit<\/h2>\t\t\t\t<\/div>\n\t\t\t\t<\/div>\n\t\t\t\t<div class=\"elementor-element elementor-element-69e0e8cf elementor-widget elementor-widget-text-editor\" data-id=\"69e0e8cf\" data-element_type=\"widget\" data-widget_type=\"text-editor.default\">\n\t\t\t\t<div class=\"elementor-widget-container\">\n\t\t\t\t\t\t\t\t\t<div><span style=\"color: var( --e-global-color-text ); font-family: var( --e-global-typography-text-font-family ), Sans-serif; font-size: var( --e-global-typography-text-font-size ); font-weight: var( --e-global-typography-text-font-weight );\">Damos la bienvenida a comentarios, preguntas y comentarios sobre nuestro sitio web. Si est\u00e1 utilizando tecnolog\u00edas de asistencia y tiene dificultades para usar nuestro sitio web, env\u00ede un correo electr\u00f3nico a info@jorgefisioterapia.es. Haremos todo lo posible para ayudar y resolver los problemas.<\/span><\/div>\t\t\t\t\t\t\t\t<\/div>\n\t\t\t\t<\/div>\n\t\t\t\t\t<\/div>\n\t\t<\/div>\n\t\t\t\t\t<\/div>\n\t\t<\/section>\n\t\t\t\t<section class=\"elementor-section elementor-top-section elementor-element elementor-element-1fefa962 elementor-section-boxed elementor-section-height-default elementor-section-height-default\" data-id=\"1fefa962\" data-element_type=\"section\">\n\t\t\t\t\t\t<div class=\"elementor-container elementor-column-gap-default\">\n\t\t\t\t\t<div class=\"elementor-column elementor-col-100 elementor-top-column elementor-element elementor-element-680822aa\" data-id=\"680822aa\" data-element_type=\"column\">\n\t\t\t<div class=\"elementor-widget-wrap elementor-element-populated\">\n\t\t\t\t\t\t<div class=\"elementor-element elementor-element-4037219c elementor-align-center elementor-widget elementor-widget-button\" data-id=\"4037219c\" data-element_type=\"widget\" data-widget_type=\"button.default\">\n\t\t\t\t<div class=\"elementor-widget-container\">\n\t\t\t\t\t\t\t\t\t<div class=\"elementor-button-wrapper\">\n\t\t\t\t\t<a class=\"elementor-button elementor-button-link elementor-size-md elementor-animation-grow\" href=\"https:\/\/www.jorgefisioterapia.es\/de\/kontakt\/\">\n\t\t\t\t\t\t<span class=\"elementor-button-content-wrapper\">\n\t\t\t\t\t\t\t\t\t<span class=\"elementor-button-text\">Frage nach mehr Informationen<\/span>\n\t\t\t\t\t<\/span>\n\t\t\t\t\t<\/a>\n\t\t\t\t<\/div>\n\t\t\t\t\t\t\t\t<\/div>\n\t\t\t\t<\/div>\n\t\t\t\t\t<\/div>\n\t\t<\/div>\n\t\t\t\t\t<\/div>\n\t\t<\/section>\n\t\t\t\t<\/div>","protected":false},"excerpt":{"rendered":"<p>ACCESIBILIDAD Declaraci\u00f3n responsable de accesibilidad de este sitio web en cumplimiento con la normativa vigente se ha comprometido a proporcionar una experiencia de sitio web totalmente accesible para todos los usuarios, incluidos aquellos que dependen de tecnolog\u00edas de asistencia como lectores de pantalla, software de ampliaci\u00f3n de pantalla y dispositivos de entrada de teclado alternativos [&hellip;]<\/p>","protected":false},"author":5,"featured_media":1352,"parent":0,"menu_order":8,"comment_status":"closed","ping_status":"closed","template":"elementor_header_footer","meta":{"_joinchat":[],"footnotes":""},"class_list":["post-1349","page","type-page","status-publish","has-post-thumbnail","hentry"],"yoast_head":"<!-- This site is optimized with the Yoast SEO plugin v24.4 - https:\/\/yoast.com\/wordpress\/plugins\/seo\/ -->\n<title>Accesibilidad | Jorge Fisioterapia<\/title>\n<meta name=\"description\" content=\"Ofrecemos opciones personalizadas y cumplimos con est\u00e1ndares de accesibilidad web. Tu experiencia es importante para nosotros.\" \/>\n<meta name=\"robots\" content=\"index, follow, max-snippet:-1, max-image-preview:large, max-video-preview:-1\" \/>\n<link rel=\"canonical\" href=\"https:\/\/www.jorgefisioterapia.es\/de\/barrierefreiheit\/\" \/>\n<meta property=\"og:locale\" content=\"de_DE\" \/>\n<meta property=\"og:type\" content=\"article\" \/>\n<meta property=\"og:title\" content=\"Accesibilidad | Jorge Fisioterapia\" \/>\n<meta property=\"og:description\" content=\"Ofrecemos opciones personalizadas y cumplimos con est\u00e1ndares de accesibilidad web. Tu experiencia es importante para nosotros.\" \/>\n<meta property=\"og:url\" content=\"https:\/\/www.jorgefisioterapia.es\/de\/barrierefreiheit\/\" \/>\n<meta property=\"og:site_name\" content=\"Jorge Fisioterapia\" \/>\n<meta property=\"article:modified_time\" content=\"2023-08-21T10:55:31+00:00\" \/>\n<meta property=\"og:image\" content=\"https:\/\/www.jorgefisioterapia.es\/wp-content\/uploads\/2023\/08\/politica_de_privacidad-2.jpg\" \/>\n\t<meta property=\"og:image:width\" content=\"1700\" \/>\n\t<meta property=\"og:image:height\" content=\"590\" \/>\n\t<meta property=\"og:image:type\" content=\"image\/jpeg\" \/>\n<meta name=\"twitter:card\" content=\"summary_large_image\" \/>\n<script type=\"application\/ld+json\" class=\"yoast-schema-graph\">{\"@context\":\"https:\/\/schema.org\",\"@graph\":[{\"@type\":\"WebPage\",\"@id\":\"https:\/\/www.jorgefisioterapia.es\/accesibilidad\/\",\"url\":\"https:\/\/www.jorgefisioterapia.es\/accesibilidad\/\",\"name\":\"Accesibilidad | Jorge Fisioterapia\",\"isPartOf\":{\"@id\":\"https:\/\/www.jorgefisioterapia.es\/#website\"},\"primaryImageOfPage\":{\"@id\":\"https:\/\/www.jorgefisioterapia.es\/accesibilidad\/#primaryimage\"},\"image\":{\"@id\":\"https:\/\/www.jorgefisioterapia.es\/accesibilidad\/#primaryimage\"},\"thumbnailUrl\":\"https:\/\/www.jorgefisioterapia.es\/wp-content\/uploads\/2023\/08\/politica_de_privacidad-2.jpg\",\"datePublished\":\"2023-08-19T15:27:06+00:00\",\"dateModified\":\"2023-08-21T10:55:31+00:00\",\"description\":\"Ofrecemos opciones personalizadas y cumplimos con est\u00e1ndares de accesibilidad web. Tu experiencia es importante para nosotros.\",\"breadcrumb\":{\"@id\":\"https:\/\/www.jorgefisioterapia.es\/accesibilidad\/#breadcrumb\"},\"inLanguage\":\"de\",\"potentialAction\":[{\"@type\":\"ReadAction\",\"target\":[\"https:\/\/www.jorgefisioterapia.es\/accesibilidad\/\"]}]},{\"@type\":\"ImageObject\",\"inLanguage\":\"de\",\"@id\":\"https:\/\/www.jorgefisioterapia.es\/accesibilidad\/#primaryimage\",\"url\":\"https:\/\/www.jorgefisioterapia.es\/wp-content\/uploads\/2023\/08\/politica_de_privacidad-2.jpg\",\"contentUrl\":\"https:\/\/www.jorgefisioterapia.es\/wp-content\/uploads\/2023\/08\/politica_de_privacidad-2.jpg\",\"width\":1700,\"height\":590,\"caption\":\"movil\"},{\"@type\":\"BreadcrumbList\",\"@id\":\"https:\/\/www.jorgefisioterapia.es\/accesibilidad\/#breadcrumb\",\"itemListElement\":[{\"@type\":\"ListItem\",\"position\":1,\"name\":\"Inicio\",\"item\":\"https:\/\/www.jorgefisioterapia.es\/\"},{\"@type\":\"ListItem\",\"position\":2,\"name\":\"Accesibilidad\"}]},{\"@type\":\"WebSite\",\"@id\":\"https:\/\/www.jorgefisioterapia.es\/#website\",\"url\":\"https:\/\/www.jorgefisioterapia.es\/\",\"name\":\"Jorge Fisioterapia\",\"description\":\"Tu fisioterapeuta de confianza\",\"publisher\":{\"@id\":\"https:\/\/www.jorgefisioterapia.es\/#organization\"},\"potentialAction\":[{\"@type\":\"SearchAction\",\"target\":{\"@type\":\"EntryPoint\",\"urlTemplate\":\"https:\/\/www.jorgefisioterapia.es\/?s={search_term_string}\"},\"query-input\":{\"@type\":\"PropertyValueSpecification\",\"valueRequired\":true,\"valueName\":\"search_term_string\"}}],\"inLanguage\":\"de\"},{\"@type\":\"Organization\",\"@id\":\"https:\/\/www.jorgefisioterapia.es\/#organization\",\"name\":\"Jorge Fisioterapia\",\"url\":\"https:\/\/www.jorgefisioterapia.es\/\",\"logo\":{\"@type\":\"ImageObject\",\"inLanguage\":\"de\",\"@id\":\"https:\/\/www.jorgefisioterapia.es\/#\/schema\/logo\/image\/\",\"url\":\"https:\/\/www.jorgefisioterapia.es\/wp-content\/uploads\/2023\/08\/logo-cuadrado.svg\",\"contentUrl\":\"https:\/\/www.jorgefisioterapia.es\/wp-content\/uploads\/2023\/08\/logo-cuadrado.svg\",\"width\":1743,\"height\":1390,\"caption\":\"Jorge Fisioterapia\"},\"image\":{\"@id\":\"https:\/\/www.jorgefisioterapia.es\/#\/schema\/logo\/image\/\"}}]}<\/script>\n<!-- \/ Yoast SEO plugin. -->","yoast_head_json":{"title":"Accesibilidad | Jorge Fisioterapia","description":"Ofrecemos opciones personalizadas y cumplimos con est\u00e1ndares de accesibilidad web. Tu experiencia es importante para nosotros.","robots":{"index":"index","follow":"follow","max-snippet":"max-snippet:-1","max-image-preview":"max-image-preview:large","max-video-preview":"max-video-preview:-1"},"canonical":"https:\/\/www.jorgefisioterapia.es\/de\/barrierefreiheit\/","og_locale":"de_DE","og_type":"article","og_title":"Accesibilidad | Jorge Fisioterapia","og_description":"Ofrecemos opciones personalizadas y cumplimos con est\u00e1ndares de accesibilidad web. Tu experiencia es importante para nosotros.","og_url":"https:\/\/www.jorgefisioterapia.es\/de\/barrierefreiheit\/","og_site_name":"Jorge Fisioterapia","article_modified_time":"2023-08-21T10:55:31+00:00","og_image":[{"width":1700,"height":590,"url":"https:\/\/www.jorgefisioterapia.es\/wp-content\/uploads\/2023\/08\/politica_de_privacidad-2.jpg","type":"image\/jpeg"}],"twitter_card":"summary_large_image","schema":{"@context":"https:\/\/schema.org","@graph":[{"@type":"WebPage","@id":"https:\/\/www.jorgefisioterapia.es\/accesibilidad\/","url":"https:\/\/www.jorgefisioterapia.es\/accesibilidad\/","name":"Accesibilidad | Jorge Fisioterapia","isPartOf":{"@id":"https:\/\/www.jorgefisioterapia.es\/#website"},"primaryImageOfPage":{"@id":"https:\/\/www.jorgefisioterapia.es\/accesibilidad\/#primaryimage"},"image":{"@id":"https:\/\/www.jorgefisioterapia.es\/accesibilidad\/#primaryimage"},"thumbnailUrl":"https:\/\/www.jorgefisioterapia.es\/wp-content\/uploads\/2023\/08\/politica_de_privacidad-2.jpg","datePublished":"2023-08-19T15:27:06+00:00","dateModified":"2023-08-21T10:55:31+00:00","description":"Ofrecemos opciones personalizadas y cumplimos con est\u00e1ndares de accesibilidad web. Tu experiencia es importante para nosotros.","breadcrumb":{"@id":"https:\/\/www.jorgefisioterapia.es\/accesibilidad\/#breadcrumb"},"inLanguage":"de","potentialAction":[{"@type":"ReadAction","target":["https:\/\/www.jorgefisioterapia.es\/accesibilidad\/"]}]},{"@type":"ImageObject","inLanguage":"de","@id":"https:\/\/www.jorgefisioterapia.es\/accesibilidad\/#primaryimage","url":"https:\/\/www.jorgefisioterapia.es\/wp-content\/uploads\/2023\/08\/politica_de_privacidad-2.jpg","contentUrl":"https:\/\/www.jorgefisioterapia.es\/wp-content\/uploads\/2023\/08\/politica_de_privacidad-2.jpg","width":1700,"height":590,"caption":"movil"},{"@type":"BreadcrumbList","@id":"https:\/\/www.jorgefisioterapia.es\/accesibilidad\/#breadcrumb","itemListElement":[{"@type":"ListItem","position":1,"name":"Inicio","item":"https:\/\/www.jorgefisioterapia.es\/"},{"@type":"ListItem","position":2,"name":"Accesibilidad"}]},{"@type":"WebSite","@id":"https:\/\/www.jorgefisioterapia.es\/#website","url":"https:\/\/www.jorgefisioterapia.es\/","name":"Jorge Fisioterapia","description":"Tu fisioterapeuta de confianza","publisher":{"@id":"https:\/\/www.jorgefisioterapia.es\/#organization"},"potentialAction":[{"@type":"SearchAction","target":{"@type":"EntryPoint","urlTemplate":"https:\/\/www.jorgefisioterapia.es\/?s={search_term_string}"},"query-input":{"@type":"PropertyValueSpecification","valueRequired":true,"valueName":"search_term_string"}}],"inLanguage":"de"},{"@type":"Organization","@id":"https:\/\/www.jorgefisioterapia.es\/#organization","name":"Jorge Fisioterapia","url":"https:\/\/www.jorgefisioterapia.es\/","logo":{"@type":"ImageObject","inLanguage":"de","@id":"https:\/\/www.jorgefisioterapia.es\/#\/schema\/logo\/image\/","url":"https:\/\/www.jorgefisioterapia.es\/wp-content\/uploads\/2023\/08\/logo-cuadrado.svg","contentUrl":"https:\/\/www.jorgefisioterapia.es\/wp-content\/uploads\/2023\/08\/logo-cuadrado.svg","width":1743,"height":1390,"caption":"Jorge Fisioterapia"},"image":{"@id":"https:\/\/www.jorgefisioterapia.es\/#\/schema\/logo\/image\/"}}]}},"_links":{"self":[{"href":"https:\/\/www.jorgefisioterapia.es\/de\/wp-json\/wp\/v2\/pages\/1349","targetHints":{"allow":["GET"]}}],"collection":[{"href":"https:\/\/www.jorgefisioterapia.es\/de\/wp-json\/wp\/v2\/pages"}],"about":[{"href":"https:\/\/www.jorgefisioterapia.es\/de\/wp-json\/wp\/v2\/types\/page"}],"author":[{"embeddable":true,"href":"https:\/\/www.jorgefisioterapia.es\/de\/wp-json\/wp\/v2\/users\/5"}],"replies":[{"embeddable":true,"href":"https:\/\/www.jorgefisioterapia.es\/de\/wp-json\/wp\/v2\/comments?post=1349"}],"version-history":[{"count":4,"href":"https:\/\/www.jorgefisioterapia.es\/de\/wp-json\/wp\/v2\/pages\/1349\/revisions"}],"predecessor-version":[{"id":1407,"href":"https:\/\/www.jorgefisioterapia.es\/de\/wp-json\/wp\/v2\/pages\/1349\/revisions\/1407"}],"wp:featuredmedia":[{"embeddable":true,"href":"https:\/\/www.jorgefisioterapia.es\/de\/wp-json\/wp\/v2\/media\/1352"}],"wp:attachment":[{"href":"https:\/\/www.jorgefisioterapia.es\/de\/wp-json\/wp\/v2\/media?parent=1349"}],"curies":[{"name":"wp","href":"https:\/\/api.w.org\/{rel}","templated":true}]}}