{"id":1341,"date":"2023-08-19T17:27:04","date_gmt":"2023-08-19T15:27:04","guid":{"rendered":"https:\/\/www.jorgefisioterapia.es\/politica-de-privacidad-3\/"},"modified":"2024-05-07T11:03:44","modified_gmt":"2024-05-07T09:03:44","slug":"politica-de-privacidad","status":"publish","type":"page","link":"https:\/\/www.jorgefisioterapia.es\/fr\/politique-de-confidentialite\/","title":{"rendered":"Politique de confidentialit\u00e9"},"content":{"rendered":"<div data-elementor-type=\"wp-page\" data-elementor-id=\"1341\" class=\"elementor elementor-1341\" data-elementor-post-type=\"page\">\n\t\t\t\t\t\t<section class=\"elementor-section elementor-top-section elementor-element elementor-element-368d999a elementor-section-full_width elementor-section-height-default elementor-section-height-default\" data-id=\"368d999a\" data-element_type=\"section\" data-settings=\"{&quot;background_background&quot;:&quot;classic&quot;,&quot;background_motion_fx_motion_fx_scrolling&quot;:&quot;yes&quot;,&quot;background_motion_fx_devices&quot;:[&quot;desktop&quot;,&quot;tablet&quot;,&quot;mobile&quot;]}\">\n\t\t\t\t\t\t\t<div class=\"elementor-background-overlay\"><\/div>\n\t\t\t\t\t\t\t<div class=\"elementor-container elementor-column-gap-no\">\n\t\t\t\t\t<div class=\"elementor-column elementor-col-100 elementor-top-column elementor-element elementor-element-47af54d6\" data-id=\"47af54d6\" data-element_type=\"column\" data-settings=\"{&quot;background_background&quot;:&quot;classic&quot;}\">\n\t\t\t<div class=\"elementor-widget-wrap elementor-element-populated\">\n\t\t\t\t\t\t<div class=\"elementor-element elementor-element-144d7cd0 elementor-widget__width-auto elementor-mobile-align-center elementor-widget-mobile__width-auto elementor-widget elementor-widget-breadcrumbs\" data-id=\"144d7cd0\" data-element_type=\"widget\" data-widget_type=\"breadcrumbs.default\">\n\t\t\t\t<div class=\"elementor-widget-container\">\n\t\t\t\t\t<p id=\"breadcrumbs\"><span><span><a href=\"https:\/\/www.jorgefisioterapia.es\/fr\">D\u00e9but<\/a><\/span><\/span><\/p>\t\t\t\t<\/div>\n\t\t\t\t<\/div>\n\t\t\t\t<div class=\"elementor-element elementor-element-522e901 elementor-invisible elementor-widget elementor-widget-heading\" data-id=\"522e901\" data-element_type=\"widget\" data-settings=\"{&quot;_animation&quot;:&quot;fadeInLeft&quot;}\" data-widget_type=\"heading.default\">\n\t\t\t\t<div class=\"elementor-widget-container\">\n\t\t\t\t\t<h1 class=\"elementor-heading-title elementor-size-default\">POLITIQUE DE PROTECTION DES DONN\u00c9ES<\/h1>\t\t\t\t<\/div>\n\t\t\t\t<\/div>\n\t\t\t\t<div class=\"elementor-element elementor-element-7123fede elementor-widget elementor-widget-text-editor\" data-id=\"7123fede\" data-element_type=\"widget\" data-widget_type=\"text-editor.default\">\n\t\t\t\t<div class=\"elementor-widget-container\">\n\t\t\t\t\t\t\t\t\t<p style=\"text-align: center;\">Nous vous informons du respect de la LOPD en ce qui concerne le traitement des donn\u00e9es obtenues <br \/>suite \u00e0 la navigation sur ce site Internet.<\/p>\t\t\t\t\t\t\t\t<\/div>\n\t\t\t\t<\/div>\n\t\t\t\t<section class=\"elementor-section elementor-inner-section elementor-element elementor-element-75077794 elementor-section-boxed elementor-section-height-default elementor-section-height-default\" data-id=\"75077794\" data-element_type=\"section\">\n\t\t\t\t\t\t<div class=\"elementor-container elementor-column-gap-default\">\n\t\t\t\t\t<div class=\"elementor-column elementor-col-100 elementor-inner-column elementor-element elementor-element-2015d1ea\" data-id=\"2015d1ea\" data-element_type=\"column\">\n\t\t\t<div class=\"elementor-widget-wrap\">\n\t\t\t\t\t\t\t<\/div>\n\t\t<\/div>\n\t\t\t\t\t<\/div>\n\t\t<\/section>\n\t\t\t\t\t<\/div>\n\t\t<\/div>\n\t\t\t\t\t<\/div>\n\t\t<\/section>\n\t\t\t\t<section class=\"elementor-section elementor-top-section elementor-element elementor-element-c629b67 elementor-section-boxed elementor-section-height-default elementor-section-height-default\" data-id=\"c629b67\" data-element_type=\"section\">\n\t\t\t\t\t\t<div class=\"elementor-container elementor-column-gap-default\">\n\t\t\t\t\t<div class=\"elementor-column elementor-col-100 elementor-top-column elementor-element elementor-element-3ce3d03\" data-id=\"3ce3d03\" data-element_type=\"column\">\n\t\t\t<div class=\"elementor-widget-wrap elementor-element-populated\">\n\t\t\t\t\t\t<div class=\"elementor-element elementor-element-b4b3079 elementor-widget__width-initial elementor-widget elementor-widget-text-editor\" data-id=\"b4b3079\" data-element_type=\"widget\" data-widget_type=\"text-editor.default\">\n\t\t\t\t<div class=\"elementor-widget-container\">\n\t\t\t\t\t\t\t\t\t<p class=\"p1\">1. <b>RESPONSABLE<\/b><\/p><p class=\"p1\"><b>\u00a0<\/b><\/p><p class=\"p1\">A. Coordonn\u00e9es du responsable du traitement<\/p><p class=\"p1\">Le responsable des donn\u00e9es collect\u00e9es via ce site Web est JORGE GARCIA PASTOR avec adresse<\/p><p class=\"p1\">SUPERA AZC\u00c1RRAGA GYM, PLAZA DE CONCHA HERES, S\/N, 33010, OVIEDO (ASTURIES) ET CIF<\/p><p class=\"p1\">53543731F.<\/p><p class=\"p1\">Vous pouvez contacter la personne responsable via l&#039;e-mail suivant<\/p><p class=\"p1\">fisioterapiagarciapastor@gmail.com o en el tel\u00e9fono 619725044<\/p><p class=\"p1\">B. Identit\u00e9 et coordonn\u00e9es du repr\u00e9sentant<\/p><p class=\"p1\">JORGE GARCIA PASTEUR<\/p><p class=\"p1\">T\u00e9l\u00e9phone 619725044<\/p><p class=\"p1\">\u00a0<\/p><p class=\"p1\">2<b>. BUT<\/b><\/p><p class=\"p1\"><b>\u00a0<\/b><\/p><p class=\"p1\">A. Description d\u00e9taill\u00e9e des finalit\u00e9s du traitement<\/p><p class=\"p1\">Publicit\u00e9 et prospection commerciale<\/p><p class=\"p1\">Gestion des demandes<\/p><p class=\"p1\">B. Dur\u00e9es ou crit\u00e8res de conservation des donn\u00e9es<\/p><p class=\"p1\">Nous conserverons les donn\u00e9es aussi longtemps que n\u00e9cessaire pour r\u00e9pondre \u00e0 la demande et nous conformer<\/p><p class=\"p1\">avec les obligations l\u00e9gales requises.<\/p><p class=\"p1\">Les donn\u00e9es que vous nous avez fournies seront conserv\u00e9es aussi longtemps que n\u00e9cessaire \u00e0 la<\/p><p class=\"p1\">finalit\u00e9s indiqu\u00e9es au point 2.A., ou seront \u00e9galement conserv\u00e9s pendant la dur\u00e9e requise par<\/p><p class=\"p1\">diff\u00e9rentes l\u00e9gislations applicables.<\/p><p class=\"p1\">C. D\u00e9cisions automatis\u00e9es, profils et logique appliqu\u00e9e<\/p><p class=\"p1\">Les donn\u00e9es collect\u00e9es via le site Web ne seront pas utilis\u00e9es pour prendre des d\u00e9cisions<\/p><p class=\"p1\">automatique.<\/p><p class=\"p1\">\u00a0<\/p><p class=\"p1\">3.<b> L\u00c9GITIMATION<\/b><\/p><p class=\"p1\"><b>\u00a0<\/b><\/p><p class=\"p1\">A. L\u00e9gislation applicable<\/p><p class=\"p1\">La l\u00e9gislation appliqu\u00e9e est le R\u00e8glement G\u00e9n\u00e9ral sur la Protection des Donn\u00e9es 2016\/679 du 27 avril.<\/p><p class=\"p1\">de 2016 ainsi que la loi organique 3\/2018 du 5 d\u00e9cembre sur la protection des donn\u00e9es personnelles et<\/p><p class=\"p1\">garantie des droits num\u00e9riques.<\/p><p class=\"p1\">B. D\u00e9tails de la base juridique du traitement, en cas d&#039;obligation l\u00e9gale, int\u00e9r\u00eats<\/p><p class=\"p1\">int\u00e9r\u00eat public ou public ou int\u00e9r\u00eat l\u00e9gitime<\/p><p class=\"p1\">Art. 6, section 1, lettre a. Cela consid\u00e8re le consentement de l&#039;int\u00e9ress\u00e9 comme une base l\u00e9gitime<\/p><p class=\"p1\">pour le traitement des donn\u00e9es personnelles contenues dans ce fichier.<\/p><p class=\"p1\">C. Obligation ou non de fournir des donn\u00e9es et cons\u00e9quences de ne pas le faire<\/p><p class=\"p1\">Vous n&#039;\u00eates pas oblig\u00e9 de nous fournir les donn\u00e9es, cependant, il sera n\u00e9cessaire de pouvoir g\u00e9rer les<\/p><p class=\"p1\">suggestions ou demandes que vous devez nous faire via le site Web.<\/p><p class=\"p1\">\u00a0<\/p><p class=\"p1\">4<b>. DESTINATAIRES<\/b><\/p><p class=\"p1\"><b>\u00a0<\/b><\/p><p class=\"p1\">A. Destinataires<\/p><p class=\"p1\">Organisations ou personnes directement li\u00e9es \u00e0 l&#039;entreprise, Administration publique avec<\/p><p class=\"p1\">comp\u00e9tence dans le sujet<\/p><p class=\"p1\">B. Destinataires sp\u00e9cifiques<\/p><p class=\"p1\">Il est possible que les sous-traitants acc\u00e8dent aux donn\u00e9es fournies via ce site.<\/p><p class=\"p1\">site Internet pour l\u2019exercice de ses fonctions de maintenance.<\/p><p class=\"p1\">C. D\u00e9cisions d\u2019ad\u00e9quation, garanties, r\u00e8gles ou situations d\u2019entreprise contraignantes<\/p><p class=\"p1\">sp\u00e9cificit\u00e9s applicables<\/p><p class=\"p2\"><b>JORGE GARCIA PASTEUR <span class=\"s1\">10<\/span><\/b><\/p><p class=\"p1\">Ils n&#039;existent pas.<\/p><p class=\"p1\">D. Virements internationaux<\/p><p class=\"p1\">Les donn\u00e9es collect\u00e9es via le site Web peuvent \u00eatre transf\u00e9r\u00e9es \u00e0 des organismes tiers<\/p><p class=\"p1\">pays disposant d\u2019un niveau de protection ad\u00e9quat.<\/p><p class=\"p1\">\u00a0<\/p><p class=\"p1\"><b>5. DROITS<\/b><\/p><p class=\"p1\"><b>\u00a0<\/b><\/p><p class=\"p1\">A. Comment exercer les droits d&#039;acc\u00e8s, de rectification, de suppression et de portabilit\u00e9 de vos<\/p><p class=\"p1\">donn\u00e9es, et la limitation ou l\u2019opposition \u00e0 leur traitement<\/p><p class=\"p1\">L&#039;int\u00e9ress\u00e9 pourra conna\u00eetre, modifier ou supprimer les donn\u00e9es que l&#039;entreprise poss\u00e8de sur son<\/p><p class=\"p1\">personne par email en fournissant sa pi\u00e8ce d&#039;identit\u00e9 ou par courrier postal \u00e0 GIMNASIO<\/p><p class=\"p1\">SUPERA AZC\u00c1RRAGA, PLAZA DE CONCHA HERES, S\/N, 33010, OVIEDO (ASTURIES). Les int\u00e9ress\u00e9s<\/p><p class=\"p1\">Vous pouvez transf\u00e9rer vos donn\u00e9es vers une autre entit\u00e9 ou limiter les donn\u00e9es existantes dont dispose l&#039;entreprise.<\/p><p class=\"p1\">sur vous-m\u00eame par email en pr\u00e9cisant votre pi\u00e8ce d&#039;identit\u00e9 ou par courrier postal \u00e0<\/p><p class=\"p1\">GYMNASE SUPERA AZC\u00c1RRAGA, PLAZA DE CONCHA HERES, S\/N, 33010, OVIEDO (ASTURIES).<\/p><p class=\"p1\">B. Droit de retirer le consentement donn\u00e9<\/p><p class=\"p1\">L&#039;int\u00e9ress\u00e9 peut retirer les donn\u00e9es que l&#039;entreprise poss\u00e8de sur lui par courrier \u00e9lectronique.<\/p><p class=\"p1\">email en fournissant votre pi\u00e8ce d&#039;identit\u00e9 ou par courrier postal \u00e0 GIMNASIO SUPERA AZC\u00c1RRAGA, PLAZA DE<\/p><p class=\"p1\">CONCHA HERES, S\/N, 33010, OVIEDO (ASTURIES).<\/p><p class=\"p1\">C. Droit de porter plainte devant l&#039;autorit\u00e9 de contr\u00f4le<\/p><p class=\"p1\">L&#039;int\u00e9ress\u00e9 peut porter plainte aupr\u00e8s de l&#039;Agence espagnole de protection des donn\u00e9es pour tout<\/p><p class=\"p1\">incident qui pourrait survenir.<\/p><p class=\"p1\">\u00a0<\/p><p class=\"p1\">6<b>. ORIGINE<\/b><\/p><p class=\"p1\"><b>\u00a0<\/b><\/p><p class=\"p1\">A. Informations d\u00e9taill\u00e9es sur l&#039;origine des donn\u00e9es<\/p><p class=\"p1\">Fourni par l&#039;int\u00e9ress\u00e9 lui-m\u00eame<\/p><p class=\"p1\">B. Cat\u00e9gories de donn\u00e9es trait\u00e9es<\/p><p class=\"p1\">Pr\u00e9nom et nom<\/p><p class=\"p1\">E-mail<\/p>\t\t\t\t\t\t\t\t<\/div>\n\t\t\t\t<\/div>\n\t\t\t\t<div class=\"elementor-element elementor-element-7656610 elementor-widget elementor-widget-image\" data-id=\"7656610\" data-element_type=\"widget\" data-widget_type=\"image.default\">\n\t\t\t\t<div class=\"elementor-widget-container\">\n\t\t\t\t\t\t\t\t\t\t\t\t\t\t\t<img fetchpriority=\"high\" decoding=\"async\" width=\"782\" height=\"902\" src=\"https:\/\/www.jorgefisioterapia.es\/wp-content\/uploads\/2024\/05\/captura-de-pantalla-2024-05-07-a-las-10.59.59.png\" class=\"attachment-large size-large wp-image-1483\" alt=\"\" srcset=\"https:\/\/www.jorgefisioterapia.es\/wp-content\/uploads\/2024\/05\/captura-de-pantalla-2024-05-07-a-las-10.59.59.png 782w, https:\/\/www.jorgefisioterapia.es\/wp-content\/uploads\/2024\/05\/captura-de-pantalla-2024-05-07-a-las-10.59.59-260x300.png 260w, https:\/\/www.jorgefisioterapia.es\/wp-content\/uploads\/2024\/05\/captura-de-pantalla-2024-05-07-a-las-10.59.59-768x886.png 768w, https:\/\/www.jorgefisioterapia.es\/wp-content\/uploads\/2024\/05\/captura-de-pantalla-2024-05-07-a-las-10.59.59-10x12.png 10w\" sizes=\"(max-width: 782px) 100vw, 782px\" \/>\t\t\t\t\t\t\t\t\t\t\t\t\t\t\t<\/div>\n\t\t\t\t<\/div>\n\t\t\t\t<div class=\"elementor-element elementor-element-d63e462 elementor-widget elementor-widget-image\" data-id=\"d63e462\" data-element_type=\"widget\" data-widget_type=\"image.default\">\n\t\t\t\t<div class=\"elementor-widget-container\">\n\t\t\t\t\t\t\t\t\t\t\t\t\t\t\t<img decoding=\"async\" width=\"781\" height=\"566\" src=\"https:\/\/www.jorgefisioterapia.es\/wp-content\/uploads\/2024\/05\/captura-de-pantalla-2024-05-07-a-las-11.00.39.png\" class=\"attachment-large size-large wp-image-1484\" alt=\"\" srcset=\"https:\/\/www.jorgefisioterapia.es\/wp-content\/uploads\/2024\/05\/captura-de-pantalla-2024-05-07-a-las-11.00.39.png 781w, https:\/\/www.jorgefisioterapia.es\/wp-content\/uploads\/2024\/05\/captura-de-pantalla-2024-05-07-a-las-11.00.39-300x217.png 300w, https:\/\/www.jorgefisioterapia.es\/wp-content\/uploads\/2024\/05\/captura-de-pantalla-2024-05-07-a-las-11.00.39-768x557.png 768w, https:\/\/www.jorgefisioterapia.es\/wp-content\/uploads\/2024\/05\/captura-de-pantalla-2024-05-07-a-las-11.00.39-18x12.png 18w\" sizes=\"(max-width: 781px) 100vw, 781px\" \/>\t\t\t\t\t\t\t\t\t\t\t\t\t\t\t<\/div>\n\t\t\t\t<\/div>\n\t\t\t\t\t<\/div>\n\t\t<\/div>\n\t\t\t\t\t<\/div>\n\t\t<\/section>\n\t\t\t\t<section class=\"elementor-section elementor-top-section elementor-element elementor-element-33d98f5b elementor-section-boxed elementor-section-height-default elementor-section-height-default\" data-id=\"33d98f5b\" data-element_type=\"section\">\n\t\t\t\t\t\t<div class=\"elementor-container elementor-column-gap-default\">\n\t\t\t\t\t<div class=\"elementor-column elementor-col-100 elementor-top-column elementor-element elementor-element-2ee05317\" data-id=\"2ee05317\" data-element_type=\"column\">\n\t\t\t<div class=\"elementor-widget-wrap elementor-element-populated\">\n\t\t\t\t\t\t<div class=\"elementor-element elementor-element-5f0e0f34 elementor-align-center elementor-widget elementor-widget-button\" data-id=\"5f0e0f34\" data-element_type=\"widget\" data-widget_type=\"button.default\">\n\t\t\t\t<div class=\"elementor-widget-container\">\n\t\t\t\t\t\t\t\t\t<div class=\"elementor-button-wrapper\">\n\t\t\t\t\t<a class=\"elementor-button elementor-button-link elementor-size-md elementor-animation-grow\" href=\"https:\/\/www.jorgefisioterapia.es\/fr\/contact\/\">\n\t\t\t\t\t\t<span class=\"elementor-button-content-wrapper\">\n\t\t\t\t\t\t\t\t\t<span class=\"elementor-button-text\">Demandez plus d&#039;informations<\/span>\n\t\t\t\t\t<\/span>\n\t\t\t\t\t<\/a>\n\t\t\t\t<\/div>\n\t\t\t\t\t\t\t\t<\/div>\n\t\t\t\t<\/div>\n\t\t\t\t\t<\/div>\n\t\t<\/div>\n\t\t\t\t\t<\/div>\n\t\t<\/section>\n\t\t\t\t<\/div>","protected":false},"excerpt":{"rendered":"<p>POL\u00cdTICA DE PROTECCION DE DATOS Te informamos sobre el cumplimiento de la LOPD en relaci\u00f3n al tratamiento de los datos obtenidos como consecuencia de la navegaci\u00f3n a trav\u00e9s de esta web. 1. RESPONSABLE \u00a0 A. Datos de contacto del Responsable El responsable de los datos recabados mediante esta web es JORGE GARCIA PASTOR con direcci\u00f3n [&hellip;]<\/p>","protected":false},"author":5,"featured_media":1344,"parent":0,"menu_order":6,"comment_status":"closed","ping_status":"closed","template":"elementor_header_footer","meta":{"_joinchat":[],"footnotes":""},"class_list":["post-1341","page","type-page","status-publish","has-post-thumbnail","hentry"],"yoast_head":"<!-- This site is optimized with the Yoast SEO plugin v24.4 - https:\/\/yoast.com\/wordpress\/plugins\/seo\/ -->\n<title>Pol\u00edtica de privacidad | Jorge Fisioterapia<\/title>\n<meta name=\"description\" content=\"Bienvenido a nuestra Pol\u00edtica de Privacidad. Te informamos sobre la recopilaci\u00f3n, uso y protecci\u00f3n de tus datos.\" \/>\n<meta name=\"robots\" content=\"index, follow, max-snippet:-1, max-image-preview:large, max-video-preview:-1\" \/>\n<link rel=\"canonical\" href=\"https:\/\/www.jorgefisioterapia.es\/fr\/politique-de-confidentialite\/\" \/>\n<meta property=\"og:locale\" content=\"fr_FR\" \/>\n<meta property=\"og:type\" content=\"article\" \/>\n<meta property=\"og:title\" content=\"Pol\u00edtica de privacidad | Jorge Fisioterapia\" \/>\n<meta property=\"og:description\" content=\"Bienvenido a nuestra Pol\u00edtica de Privacidad. Te informamos sobre la recopilaci\u00f3n, uso y protecci\u00f3n de tus datos.\" \/>\n<meta property=\"og:url\" content=\"https:\/\/www.jorgefisioterapia.es\/fr\/politique-de-confidentialite\/\" \/>\n<meta property=\"og:site_name\" content=\"Jorge Fisioterapia\" \/>\n<meta property=\"article:modified_time\" content=\"2024-05-07T09:03:44+00:00\" \/>\n<meta property=\"og:image\" content=\"https:\/\/www.jorgefisioterapia.es\/wp-content\/uploads\/2023\/08\/sogepyme-alineas-de-negocio-scaled-1-1.jpg\" \/>\n\t<meta property=\"og:image:width\" content=\"1972\" \/>\n\t<meta property=\"og:image:height\" content=\"1200\" \/>\n\t<meta property=\"og:image:type\" content=\"image\/jpeg\" \/>\n<meta name=\"twitter:card\" content=\"summary_large_image\" \/>\n<script type=\"application\/ld+json\" class=\"yoast-schema-graph\">{\"@context\":\"https:\/\/schema.org\",\"@graph\":[{\"@type\":\"WebPage\",\"@id\":\"https:\/\/www.jorgefisioterapia.es\/politica-de-privacidad\/\",\"url\":\"https:\/\/www.jorgefisioterapia.es\/politica-de-privacidad\/\",\"name\":\"Pol\u00edtica de privacidad | Jorge Fisioterapia\",\"isPartOf\":{\"@id\":\"https:\/\/www.jorgefisioterapia.es\/#website\"},\"primaryImageOfPage\":{\"@id\":\"https:\/\/www.jorgefisioterapia.es\/politica-de-privacidad\/#primaryimage\"},\"image\":{\"@id\":\"https:\/\/www.jorgefisioterapia.es\/politica-de-privacidad\/#primaryimage\"},\"thumbnailUrl\":\"https:\/\/www.jorgefisioterapia.es\/wp-content\/uploads\/2023\/08\/sogepyme-alineas-de-negocio-scaled-1-1.jpg\",\"datePublished\":\"2023-08-19T15:27:04+00:00\",\"dateModified\":\"2024-05-07T09:03:44+00:00\",\"description\":\"Bienvenido a nuestra Pol\u00edtica de Privacidad. Te informamos sobre la recopilaci\u00f3n, uso y protecci\u00f3n de tus datos.\",\"breadcrumb\":{\"@id\":\"https:\/\/www.jorgefisioterapia.es\/politica-de-privacidad\/#breadcrumb\"},\"inLanguage\":\"fr-FR\",\"potentialAction\":[{\"@type\":\"ReadAction\",\"target\":[\"https:\/\/www.jorgefisioterapia.es\/politica-de-privacidad\/\"]}]},{\"@type\":\"ImageObject\",\"inLanguage\":\"fr-FR\",\"@id\":\"https:\/\/www.jorgefisioterapia.es\/politica-de-privacidad\/#primaryimage\",\"url\":\"https:\/\/www.jorgefisioterapia.es\/wp-content\/uploads\/2023\/08\/sogepyme-alineas-de-negocio-scaled-1-1.jpg\",\"contentUrl\":\"https:\/\/www.jorgefisioterapia.es\/wp-content\/uploads\/2023\/08\/sogepyme-alineas-de-negocio-scaled-1-1.jpg\",\"width\":1972,\"height\":1200,\"caption\":\"sogepyme\"},{\"@type\":\"BreadcrumbList\",\"@id\":\"https:\/\/www.jorgefisioterapia.es\/politica-de-privacidad\/#breadcrumb\",\"itemListElement\":[{\"@type\":\"ListItem\",\"position\":1,\"name\":\"Inicio\",\"item\":\"https:\/\/www.jorgefisioterapia.es\/\"},{\"@type\":\"ListItem\",\"position\":2,\"name\":\"Pol\u00edtica de privacidad\"}]},{\"@type\":\"WebSite\",\"@id\":\"https:\/\/www.jorgefisioterapia.es\/#website\",\"url\":\"https:\/\/www.jorgefisioterapia.es\/\",\"name\":\"Jorge Fisioterapia\",\"description\":\"Tu fisioterapeuta de confianza\",\"publisher\":{\"@id\":\"https:\/\/www.jorgefisioterapia.es\/#organization\"},\"potentialAction\":[{\"@type\":\"SearchAction\",\"target\":{\"@type\":\"EntryPoint\",\"urlTemplate\":\"https:\/\/www.jorgefisioterapia.es\/?s={search_term_string}\"},\"query-input\":{\"@type\":\"PropertyValueSpecification\",\"valueRequired\":true,\"valueName\":\"search_term_string\"}}],\"inLanguage\":\"fr-FR\"},{\"@type\":\"Organization\",\"@id\":\"https:\/\/www.jorgefisioterapia.es\/#organization\",\"name\":\"Jorge Fisioterapia\",\"url\":\"https:\/\/www.jorgefisioterapia.es\/\",\"logo\":{\"@type\":\"ImageObject\",\"inLanguage\":\"fr-FR\",\"@id\":\"https:\/\/www.jorgefisioterapia.es\/#\/schema\/logo\/image\/\",\"url\":\"https:\/\/www.jorgefisioterapia.es\/wp-content\/uploads\/2023\/08\/logo-cuadrado.svg\",\"contentUrl\":\"https:\/\/www.jorgefisioterapia.es\/wp-content\/uploads\/2023\/08\/logo-cuadrado.svg\",\"width\":1743,\"height\":1390,\"caption\":\"Jorge Fisioterapia\"},\"image\":{\"@id\":\"https:\/\/www.jorgefisioterapia.es\/#\/schema\/logo\/image\/\"}}]}<\/script>\n<!-- \/ Yoast SEO plugin. -->","yoast_head_json":{"title":"Pol\u00edtica de privacidad | Jorge Fisioterapia","description":"Bienvenido a nuestra Pol\u00edtica de Privacidad. Te informamos sobre la recopilaci\u00f3n, uso y protecci\u00f3n de tus datos.","robots":{"index":"index","follow":"follow","max-snippet":"max-snippet:-1","max-image-preview":"max-image-preview:large","max-video-preview":"max-video-preview:-1"},"canonical":"https:\/\/www.jorgefisioterapia.es\/fr\/politique-de-confidentialite\/","og_locale":"fr_FR","og_type":"article","og_title":"Pol\u00edtica de privacidad | Jorge Fisioterapia","og_description":"Bienvenido a nuestra Pol\u00edtica de Privacidad. Te informamos sobre la recopilaci\u00f3n, uso y protecci\u00f3n de tus datos.","og_url":"https:\/\/www.jorgefisioterapia.es\/fr\/politique-de-confidentialite\/","og_site_name":"Jorge Fisioterapia","article_modified_time":"2024-05-07T09:03:44+00:00","og_image":[{"width":1972,"height":1200,"url":"https:\/\/www.jorgefisioterapia.es\/wp-content\/uploads\/2023\/08\/sogepyme-alineas-de-negocio-scaled-1-1.jpg","type":"image\/jpeg"}],"twitter_card":"summary_large_image","schema":{"@context":"https:\/\/schema.org","@graph":[{"@type":"WebPage","@id":"https:\/\/www.jorgefisioterapia.es\/politica-de-privacidad\/","url":"https:\/\/www.jorgefisioterapia.es\/politica-de-privacidad\/","name":"Pol\u00edtica de privacidad | Jorge Fisioterapia","isPartOf":{"@id":"https:\/\/www.jorgefisioterapia.es\/#website"},"primaryImageOfPage":{"@id":"https:\/\/www.jorgefisioterapia.es\/politica-de-privacidad\/#primaryimage"},"image":{"@id":"https:\/\/www.jorgefisioterapia.es\/politica-de-privacidad\/#primaryimage"},"thumbnailUrl":"https:\/\/www.jorgefisioterapia.es\/wp-content\/uploads\/2023\/08\/sogepyme-alineas-de-negocio-scaled-1-1.jpg","datePublished":"2023-08-19T15:27:04+00:00","dateModified":"2024-05-07T09:03:44+00:00","description":"Bienvenido a nuestra Pol\u00edtica de Privacidad. Te informamos sobre la recopilaci\u00f3n, uso y protecci\u00f3n de tus datos.","breadcrumb":{"@id":"https:\/\/www.jorgefisioterapia.es\/politica-de-privacidad\/#breadcrumb"},"inLanguage":"fr-FR","potentialAction":[{"@type":"ReadAction","target":["https:\/\/www.jorgefisioterapia.es\/politica-de-privacidad\/"]}]},{"@type":"ImageObject","inLanguage":"fr-FR","@id":"https:\/\/www.jorgefisioterapia.es\/politica-de-privacidad\/#primaryimage","url":"https:\/\/www.jorgefisioterapia.es\/wp-content\/uploads\/2023\/08\/sogepyme-alineas-de-negocio-scaled-1-1.jpg","contentUrl":"https:\/\/www.jorgefisioterapia.es\/wp-content\/uploads\/2023\/08\/sogepyme-alineas-de-negocio-scaled-1-1.jpg","width":1972,"height":1200,"caption":"sogepyme"},{"@type":"BreadcrumbList","@id":"https:\/\/www.jorgefisioterapia.es\/politica-de-privacidad\/#breadcrumb","itemListElement":[{"@type":"ListItem","position":1,"name":"Inicio","item":"https:\/\/www.jorgefisioterapia.es\/"},{"@type":"ListItem","position":2,"name":"Pol\u00edtica de privacidad"}]},{"@type":"WebSite","@id":"https:\/\/www.jorgefisioterapia.es\/#website","url":"https:\/\/www.jorgefisioterapia.es\/","name":"Jorge Fisioterapia","description":"Tu fisioterapeuta de confianza","publisher":{"@id":"https:\/\/www.jorgefisioterapia.es\/#organization"},"potentialAction":[{"@type":"SearchAction","target":{"@type":"EntryPoint","urlTemplate":"https:\/\/www.jorgefisioterapia.es\/?s={search_term_string}"},"query-input":{"@type":"PropertyValueSpecification","valueRequired":true,"valueName":"search_term_string"}}],"inLanguage":"fr-FR"},{"@type":"Organization","@id":"https:\/\/www.jorgefisioterapia.es\/#organization","name":"Jorge Fisioterapia","url":"https:\/\/www.jorgefisioterapia.es\/","logo":{"@type":"ImageObject","inLanguage":"fr-FR","@id":"https:\/\/www.jorgefisioterapia.es\/#\/schema\/logo\/image\/","url":"https:\/\/www.jorgefisioterapia.es\/wp-content\/uploads\/2023\/08\/logo-cuadrado.svg","contentUrl":"https:\/\/www.jorgefisioterapia.es\/wp-content\/uploads\/2023\/08\/logo-cuadrado.svg","width":1743,"height":1390,"caption":"Jorge Fisioterapia"},"image":{"@id":"https:\/\/www.jorgefisioterapia.es\/#\/schema\/logo\/image\/"}}]}},"_links":{"self":[{"href":"https:\/\/www.jorgefisioterapia.es\/fr\/wp-json\/wp\/v2\/pages\/1341","targetHints":{"allow":["GET"]}}],"collection":[{"href":"https:\/\/www.jorgefisioterapia.es\/fr\/wp-json\/wp\/v2\/pages"}],"about":[{"href":"https:\/\/www.jorgefisioterapia.es\/fr\/wp-json\/wp\/v2\/types\/page"}],"author":[{"embeddable":true,"href":"https:\/\/www.jorgefisioterapia.es\/fr\/wp-json\/wp\/v2\/users\/5"}],"replies":[{"embeddable":true,"href":"https:\/\/www.jorgefisioterapia.es\/fr\/wp-json\/wp\/v2\/comments?post=1341"}],"version-history":[{"count":5,"href":"https:\/\/www.jorgefisioterapia.es\/fr\/wp-json\/wp\/v2\/pages\/1341\/revisions"}],"predecessor-version":[{"id":1493,"href":"https:\/\/www.jorgefisioterapia.es\/fr\/wp-json\/wp\/v2\/pages\/1341\/revisions\/1493"}],"wp:featuredmedia":[{"embeddable":true,"href":"https:\/\/www.jorgefisioterapia.es\/fr\/wp-json\/wp\/v2\/media\/1344"}],"wp:attachment":[{"href":"https:\/\/www.jorgefisioterapia.es\/fr\/wp-json\/wp\/v2\/media?parent=1341"}],"curies":[{"name":"wp","href":"https:\/\/api.w.org\/{rel}","templated":true}]}}