{"id":1349,"date":"2023-08-19T17:27:06","date_gmt":"2023-08-19T15:27:06","guid":{"rendered":"https:\/\/www.jorgefisioterapia.es\/accesibilidad-3\/"},"modified":"2023-08-21T12:55:31","modified_gmt":"2023-08-21T10:55:31","slug":"accesibilidad","status":"publish","type":"page","link":"https:\/\/www.jorgefisioterapia.es\/fr\/accessibilite\/","title":{"rendered":"Accessibilit\u00e9"},"content":{"rendered":"<div data-elementor-type=\"wp-page\" data-elementor-id=\"1349\" class=\"elementor elementor-1349\" data-elementor-post-type=\"page\">\n\t\t\t\t\t\t<section class=\"elementor-section elementor-top-section elementor-element elementor-element-23e1c271 elementor-section-full_width elementor-section-height-default elementor-section-height-default\" data-id=\"23e1c271\" data-element_type=\"section\" data-settings=\"{&quot;background_background&quot;:&quot;classic&quot;,&quot;background_motion_fx_motion_fx_scrolling&quot;:&quot;yes&quot;,&quot;background_motion_fx_devices&quot;:[&quot;desktop&quot;,&quot;tablet&quot;,&quot;mobile&quot;]}\">\n\t\t\t\t\t\t\t<div class=\"elementor-background-overlay\"><\/div>\n\t\t\t\t\t\t\t<div class=\"elementor-container elementor-column-gap-no\">\n\t\t\t\t\t<div class=\"elementor-column elementor-col-100 elementor-top-column elementor-element elementor-element-68e13242\" data-id=\"68e13242\" data-element_type=\"column\" data-settings=\"{&quot;background_background&quot;:&quot;classic&quot;}\">\n\t\t\t<div class=\"elementor-widget-wrap elementor-element-populated\">\n\t\t\t\t\t\t<div class=\"elementor-element elementor-element-2f270803 elementor-widget__width-auto elementor-mobile-align-center elementor-widget-mobile__width-auto elementor-widget elementor-widget-breadcrumbs\" data-id=\"2f270803\" data-element_type=\"widget\" data-widget_type=\"breadcrumbs.default\">\n\t\t\t\t<div class=\"elementor-widget-container\">\n\t\t\t\t\t<p id=\"breadcrumbs\"><span><span><a href=\"https:\/\/www.jorgefisioterapia.es\/fr\">D\u00e9but<\/a><\/span><\/span><\/p>\t\t\t\t<\/div>\n\t\t\t\t<\/div>\n\t\t\t\t<div class=\"elementor-element elementor-element-233e400f elementor-invisible elementor-widget elementor-widget-heading\" data-id=\"233e400f\" data-element_type=\"widget\" data-settings=\"{&quot;_animation&quot;:&quot;fadeInLeft&quot;}\" data-widget_type=\"heading.default\">\n\t\t\t\t<div class=\"elementor-widget-container\">\n\t\t\t\t\t<h1 class=\"elementor-heading-title elementor-size-default\">ACCESSIBILIT\u00c9<\/h1>\t\t\t\t<\/div>\n\t\t\t\t<\/div>\n\t\t\t\t<div class=\"elementor-element elementor-element-34f3877e elementor-widget elementor-widget-text-editor\" data-id=\"34f3877e\" data-element_type=\"widget\" data-widget_type=\"text-editor.default\">\n\t\t\t\t<div class=\"elementor-widget-container\">\n\t\t\t\t\t\t\t\t\t<p style=\"text-align: center;\">D\u00e9claration responsable de l&#039;accessibilit\u00e9 de ce site conform\u00e9ment \u00e0 la r\u00e9glementation en vigueur<\/p>\t\t\t\t\t\t\t\t<\/div>\n\t\t\t\t<\/div>\n\t\t\t\t\t<\/div>\n\t\t<\/div>\n\t\t\t\t\t<\/div>\n\t\t<\/section>\n\t\t\t\t<section class=\"elementor-section elementor-top-section elementor-element elementor-element-62acbce4 elementor-section-boxed elementor-section-height-default elementor-section-height-default\" data-id=\"62acbce4\" data-element_type=\"section\">\n\t\t\t\t\t\t<div class=\"elementor-container elementor-column-gap-default\">\n\t\t\t\t\t<div class=\"elementor-column elementor-col-100 elementor-top-column elementor-element elementor-element-605b4220\" data-id=\"605b4220\" data-element_type=\"column\">\n\t\t\t<div class=\"elementor-widget-wrap elementor-element-populated\">\n\t\t\t\t\t\t<div class=\"elementor-element elementor-element-61fdc9d0 elementor-widget elementor-widget-text-editor\" data-id=\"61fdc9d0\" data-element_type=\"widget\" data-widget_type=\"text-editor.default\">\n\t\t\t\t<div class=\"elementor-widget-container\">\n\t\t\t\t\t\t\t\t\t<p><strong>JORGE PHYSIOTH\u00c9RAPIE<\/strong> se ha comprometido a proporcionar una experiencia de sitio web totalmente accesible para todos los usuarios, incluidos aquellos que dependen de tecnolog\u00edas de asistencia como lectores de pantalla, software de ampliaci\u00f3n de pantalla y dispositivos de entrada de teclado alternativos para navegar por la web, de conformidad avec lui <a class=\"ext\" href=\"https:\/\/www.boe.es\/diario_boe\/txt.php?id=BOE-A-2018-12699\" target=\"_blank\" rel=\"noopener noreferrer\" data-extlink=\"\">D\u00e9cret royal 1112\/2018, du 7 septembre, sur l&#039;accessibilit\u00e9 des sites Web et des applications pour les appareils mobiles du secteur public.<\/a><\/p><p>Cette d\u00e9claration d&#039;accessibilit\u00e9 s&#039;applique au site Web : www.jorgefisioterapia.es<\/p>\t\t\t\t\t\t\t\t<\/div>\n\t\t\t\t<\/div>\n\t\t\t\t<div class=\"elementor-element elementor-element-4bb24622 elementor-invisible elementor-widget elementor-widget-heading\" data-id=\"4bb24622\" data-element_type=\"widget\" data-settings=\"{&quot;_animation&quot;:&quot;fadeIn&quot;}\" data-widget_type=\"heading.default\">\n\t\t\t\t<div class=\"elementor-widget-container\">\n\t\t\t\t\t<h2 class=\"elementor-heading-title elementor-size-default\">\u00c9TAT DE CONFORMIT\u00c9<\/h2>\t\t\t\t<\/div>\n\t\t\t\t<\/div>\n\t\t\t\t<div class=\"elementor-element elementor-element-521a911 elementor-widget elementor-widget-text-editor\" data-id=\"521a911\" data-element_type=\"widget\" data-widget_type=\"text-editor.default\">\n\t\t\t\t<div class=\"elementor-widget-container\">\n\t\t\t\t\t\t\t\t\t<p>Ce site Web est partiellement conforme au RD 1112\/2018 en raison des exceptions et du d\u00e9faut de conformit\u00e9 des aspects indiqu\u00e9s au point suivant.<\/p>\t\t\t\t\t\t\t\t<\/div>\n\t\t\t\t<\/div>\n\t\t\t\t<div class=\"elementor-element elementor-element-32f6b6a9 elementor-invisible elementor-widget elementor-widget-heading\" data-id=\"32f6b6a9\" data-element_type=\"widget\" data-settings=\"{&quot;_animation&quot;:&quot;fadeIn&quot;}\" data-widget_type=\"heading.default\">\n\t\t\t\t<div class=\"elementor-widget-container\">\n\t\t\t\t\t<h2 class=\"elementor-heading-title elementor-size-default\">CONTENU NON ACCESSIBLE<\/h2>\t\t\t\t<\/div>\n\t\t\t\t<\/div>\n\t\t\t\t<div class=\"elementor-element elementor-element-5eeaee70 elementor-widget elementor-widget-text-editor\" data-id=\"5eeaee70\" data-element_type=\"widget\" data-widget_type=\"text-editor.default\">\n\t\t\t\t<div class=\"elementor-widget-container\">\n\t\t\t\t\t\t\t\t\t<p><span style=\"color: var( --e-global-color-text ); font-family: var( --e-global-typography-text-font-family ), Sans-serif; font-size: var( --e-global-typography-text-font-size ); font-weight: var( --e-global-typography-text-font-weight );\">Le contenu r\u00e9pertori\u00e9 ci-dessous n&#039;est pas accessible pour les raisons suivantes\u00a0:<\/span><\/p><h3 style=\"padding-left: 40px;\">Non-respect du RD 1112\/2018<\/h3><p style=\"padding-left: 40px;\">Certains documents bureautiques au format PDF et autres formats publi\u00e9s apr\u00e8s le 20 septembre 2018 pourraient ne pas r\u00e9pondre enti\u00e8rement aux exigences d&#039;accessibilit\u00e9. Des documents enti\u00e8rement accessibles peuvent \u00eatre demand\u00e9s \u00e0 partir du formulaire de contact pour formaliser les r\u00e9clamations et les requ\u00eates.<\/p><p style=\"padding-left: 40px;\">Il peut y avoir des erreurs de code d&#039;\u00e9dition sp\u00e9cifiques sur certaines pages Web. [4.1.1 Traitement]<\/p><h3 style=\"padding-left: 40px;\">Le contenu n&#039;entre pas dans le champ d&#039;application de la loi applicable<\/h3><p style=\"padding-left: 40px;\">Il se peut que des fichiers bureautiques au format PDF ou d&#039;autres formats publi\u00e9s avant le 20\u00a0septembre\u00a02018 ne r\u00e9pondent pas enti\u00e8rement \u00e0 toutes les exigences d&#039;accessibilit\u00e9. Bien que des efforts aient \u00e9t\u00e9 faits pour s&#039;assurer que la plupart d&#039;entre eux se conforment.<\/p>\t\t\t\t\t\t\t\t<\/div>\n\t\t\t\t<\/div>\n\t\t\t\t<div class=\"elementor-element elementor-element-5192edaf elementor-invisible elementor-widget elementor-widget-heading\" data-id=\"5192edaf\" data-element_type=\"widget\" data-settings=\"{&quot;_animation&quot;:&quot;fadeIn&quot;}\" data-widget_type=\"heading.default\">\n\t\t\t\t<div class=\"elementor-widget-container\">\n\t\t\t\t\t<h2 class=\"elementor-heading-title elementor-size-default\">CONTENU OPTIONNEL<\/h2>\t\t\t\t<\/div>\n\t\t\t\t<\/div>\n\t\t\t\t<div class=\"elementor-element elementor-element-3b1047ac elementor-widget elementor-widget-text-editor\" data-id=\"3b1047ac\" data-element_type=\"widget\" data-widget_type=\"text-editor.default\">\n\t\t\t\t<div class=\"elementor-widget-container\">\n\t\t\t\t\t\t\t\t\t<p><span style=\"color: var( --e-global-color-text ); font-family: var( --e-global-typography-text-font-family ), Sans-serif; font-size: var( --e-global-typography-text-font-size ); font-weight: var( --e-global-typography-text-font-weight );\">Ce site Web est con\u00e7u pour pouvoir modifier la taille et la couleur du texte, ainsi que l&#039;arri\u00e8re-plan de la page via les options de configuration standard des navigateurs.<\/span><\/p>\n<p>Si vous souhaitez modifier la taille de la police du texte dans les principaux navigateurs graphiques, utilisez les menus suivants :<\/p>\n<ul>\n<li>Internet Explorer, Mozilla et Firefox : Affichage &gt; Taille du texte<\/li>\n<li>Opera\u00a0: Affichage\u00a0&gt; Zoom<\/li>\n<li>Safari\u00a0: Affichage\u00a0&gt; Agrandir le texte<\/li>\n<li>Chrome\u00a0: Contr\u00f4ler la page actuelle\u00a0&gt; Taille du texte Pour modifier la taille de tout ce qui se trouve sur la page\u00a0:<\/li>\n<li>\n<ul>\n<li>Ctrl + + pour l&#039;augmenter<\/li>\n<li>Ctrl + \u2013 pour le diminuer<\/li>\n<li>Ctrl + 0 restaure la taille d&#039;origine du texte<\/li>\n<li>Si vous souhaitez remplacer la feuille de style ou modifier la couleur du texte, vous pouvez consulter la page <span lang=\"en\">Comment modifier la taille du texte ou les couleurs du WAI<\/span>, qui peut \u00eatre lu traduit en espagnol dans Comment changer la taille ou les couleurs du texte ?<\/li><\/ul><\/li><\/ul>\t\t\t\t\t\t\t\t<\/div>\n\t\t\t\t<\/div>\n\t\t\t\t<div class=\"elementor-element elementor-element-aa074f6 elementor-invisible elementor-widget elementor-widget-heading\" data-id=\"aa074f6\" data-element_type=\"widget\" data-settings=\"{&quot;_animation&quot;:&quot;fadeIn&quot;}\" data-widget_type=\"heading.default\">\n\t\t\t\t<div class=\"elementor-widget-container\">\n\t\t\t\t\t<h2 class=\"elementor-heading-title elementor-size-default\">FONCTIONNALIT\u00c9S D&#039;ACCESSIBILIT\u00c9 SUR NOTRE SITE WEB<\/h2>\t\t\t\t<\/div>\n\t\t\t\t<\/div>\n\t\t\t\t<div class=\"elementor-element elementor-element-1493d2bf elementor-widget elementor-widget-text-editor\" data-id=\"1493d2bf\" data-element_type=\"widget\" data-widget_type=\"text-editor.default\">\n\t\t\t\t<div class=\"elementor-widget-container\">\n\t\t\t\t\t\t\t\t\t<div><span style=\"color: var( --e-global-color-text ); font-family: var( --e-global-typography-text-font-family ), Sans-serif; font-size: var( --e-global-typography-text-font-size ); font-weight: var( --e-global-typography-text-font-weight );\">Mediante el plugin \u00abOne Click Accessibility\u00bb hemos incorporado las siguientes herramientas para mejorar la accesibilidad:<\/span><\/div><ul><li>Modifier la taille de la police (augmenter\/diminuer)<\/li><li>Niveaux de gris<\/li><li>contraste n\u00e9gatif<\/li><li>Contraste \u00e9lev\u00e9<\/li><li>fond clair<\/li><li>soulignement de lien<\/li><li>police lisible par l&#039;homme<\/li><li>Lien vers le plan du site\/les commentaires\/les pages d&#039;aide<\/li><li>Activer le saut au contenu<\/li><li>Ajouter un focus de contour pour les \u00e9l\u00e9ments focalisables<\/li><li>Supprimer l&#039;attribut cible des liens<\/li><li>Ajouter des r\u00f4les de r\u00e9f\u00e9rence \u00e0 tous les liens<\/li><li>Personnalisateur pour l&#039;ajustement du style<\/li><\/ul>\t\t\t\t\t\t\t\t<\/div>\n\t\t\t\t<\/div>\n\t\t\t\t<div class=\"elementor-element elementor-element-112dc677 elementor-invisible elementor-widget elementor-widget-heading\" data-id=\"112dc677\" data-element_type=\"widget\" data-settings=\"{&quot;_animation&quot;:&quot;fadeIn&quot;}\" data-widget_type=\"heading.default\">\n\t\t\t\t<div class=\"elementor-widget-container\">\n\t\t\t\t\t<h2 class=\"elementor-heading-title elementor-size-default\">O\u00d9 AM\u00c9LIORONS-NOUS<\/h2>\t\t\t\t<\/div>\n\t\t\t\t<\/div>\n\t\t\t\t<div class=\"elementor-element elementor-element-6a8e2cc1 elementor-widget elementor-widget-text-editor\" data-id=\"6a8e2cc1\" data-element_type=\"widget\" data-widget_type=\"text-editor.default\">\n\t\t\t\t<div class=\"elementor-widget-container\">\n\t\t\t\t\t\t\t\t\t<div><span style=\"color: var( --e-global-color-text ); font-family: var( --e-global-typography-text-font-family ), Sans-serif; font-size: var( --e-global-typography-text-font-size ); font-weight: var( --e-global-typography-text-font-weight );\">Cela fait partie de notre effort plus large pour rendre l&#039;exp\u00e9rience de chacun \u00e0 JORGE FISIOTERAPIA une exp\u00e9rience accueillante et agr\u00e9able. Veuillez noter que bien que nous fassions de notre mieux pour rendre les informations accessibles \u00e0 tous les utilisateurs, nous ne pouvons pas garantir l&#039;accessibilit\u00e9 des sites Web tiers vers lesquels nous pouvons \u00e9tablir des liens.<\/span><\/div>\t\t\t\t\t\t\t\t<\/div>\n\t\t\t\t<\/div>\n\t\t\t\t<div class=\"elementor-element elementor-element-66503632 elementor-invisible elementor-widget elementor-widget-heading\" data-id=\"66503632\" data-element_type=\"widget\" data-settings=\"{&quot;_animation&quot;:&quot;fadeIn&quot;}\" data-widget_type=\"heading.default\">\n\t\t\t\t<div class=\"elementor-widget-container\">\n\t\t\t\t\t<h2 class=\"elementor-heading-title elementor-size-default\">CONTACTER LE SOUTIEN \u00c0 L&#039;ACCESSIBILIT\u00c9<\/h2>\t\t\t\t<\/div>\n\t\t\t\t<\/div>\n\t\t\t\t<div class=\"elementor-element elementor-element-69e0e8cf elementor-widget elementor-widget-text-editor\" data-id=\"69e0e8cf\" data-element_type=\"widget\" data-widget_type=\"text-editor.default\">\n\t\t\t\t<div class=\"elementor-widget-container\">\n\t\t\t\t\t\t\t\t\t<div><span style=\"color: var( --e-global-color-text ); font-family: var( --e-global-typography-text-font-family ), Sans-serif; font-size: var( --e-global-typography-text-font-size ); font-weight: var( --e-global-typography-text-font-weight );\">Damos la bienvenida a comentarios, preguntas y comentarios sobre nuestro sitio web. Si est\u00e1 utilizando tecnolog\u00edas de asistencia y tiene dificultades para usar nuestro sitio web, env\u00ede un correo electr\u00f3nico a info@jorgefisioterapia.es. Haremos todo lo posible para ayudar y resolver los problemas.<\/span><\/div>\t\t\t\t\t\t\t\t<\/div>\n\t\t\t\t<\/div>\n\t\t\t\t\t<\/div>\n\t\t<\/div>\n\t\t\t\t\t<\/div>\n\t\t<\/section>\n\t\t\t\t<section class=\"elementor-section elementor-top-section elementor-element elementor-element-1fefa962 elementor-section-boxed elementor-section-height-default elementor-section-height-default\" data-id=\"1fefa962\" data-element_type=\"section\">\n\t\t\t\t\t\t<div class=\"elementor-container elementor-column-gap-default\">\n\t\t\t\t\t<div class=\"elementor-column elementor-col-100 elementor-top-column elementor-element elementor-element-680822aa\" data-id=\"680822aa\" data-element_type=\"column\">\n\t\t\t<div class=\"elementor-widget-wrap elementor-element-populated\">\n\t\t\t\t\t\t<div class=\"elementor-element elementor-element-4037219c elementor-align-center elementor-widget elementor-widget-button\" data-id=\"4037219c\" data-element_type=\"widget\" data-widget_type=\"button.default\">\n\t\t\t\t<div class=\"elementor-widget-container\">\n\t\t\t\t\t\t\t\t\t<div class=\"elementor-button-wrapper\">\n\t\t\t\t\t<a class=\"elementor-button elementor-button-link elementor-size-md elementor-animation-grow\" href=\"https:\/\/www.jorgefisioterapia.es\/fr\/contact\/\">\n\t\t\t\t\t\t<span class=\"elementor-button-content-wrapper\">\n\t\t\t\t\t\t\t\t\t<span class=\"elementor-button-text\">Demandez plus d&#039;informations<\/span>\n\t\t\t\t\t<\/span>\n\t\t\t\t\t<\/a>\n\t\t\t\t<\/div>\n\t\t\t\t\t\t\t\t<\/div>\n\t\t\t\t<\/div>\n\t\t\t\t\t<\/div>\n\t\t<\/div>\n\t\t\t\t\t<\/div>\n\t\t<\/section>\n\t\t\t\t<\/div>","protected":false},"excerpt":{"rendered":"<p>ACCESIBILIDAD Declaraci\u00f3n responsable de accesibilidad de este sitio web en cumplimiento con la normativa vigente se ha comprometido a proporcionar una experiencia de sitio web totalmente accesible para todos los usuarios, incluidos aquellos que dependen de tecnolog\u00edas de asistencia como lectores de pantalla, software de ampliaci\u00f3n de pantalla y dispositivos de entrada de teclado alternativos [&hellip;]<\/p>","protected":false},"author":5,"featured_media":1352,"parent":0,"menu_order":8,"comment_status":"closed","ping_status":"closed","template":"elementor_header_footer","meta":{"_joinchat":[],"footnotes":""},"class_list":["post-1349","page","type-page","status-publish","has-post-thumbnail","hentry"],"yoast_head":"<!-- This site is optimized with the Yoast SEO plugin v24.4 - https:\/\/yoast.com\/wordpress\/plugins\/seo\/ -->\n<title>Accesibilidad | Jorge Fisioterapia<\/title>\n<meta name=\"description\" content=\"Ofrecemos opciones personalizadas y cumplimos con est\u00e1ndares de accesibilidad web. Tu experiencia es importante para nosotros.\" \/>\n<meta name=\"robots\" content=\"index, follow, max-snippet:-1, max-image-preview:large, max-video-preview:-1\" \/>\n<link rel=\"canonical\" href=\"https:\/\/www.jorgefisioterapia.es\/fr\/accessibilite\/\" \/>\n<meta property=\"og:locale\" content=\"fr_FR\" \/>\n<meta property=\"og:type\" content=\"article\" \/>\n<meta property=\"og:title\" content=\"Accesibilidad | Jorge Fisioterapia\" \/>\n<meta property=\"og:description\" content=\"Ofrecemos opciones personalizadas y cumplimos con est\u00e1ndares de accesibilidad web. Tu experiencia es importante para nosotros.\" \/>\n<meta property=\"og:url\" content=\"https:\/\/www.jorgefisioterapia.es\/fr\/accessibilite\/\" \/>\n<meta property=\"og:site_name\" content=\"Jorge Fisioterapia\" \/>\n<meta property=\"article:modified_time\" content=\"2023-08-21T10:55:31+00:00\" \/>\n<meta property=\"og:image\" content=\"https:\/\/www.jorgefisioterapia.es\/wp-content\/uploads\/2023\/08\/politica_de_privacidad-2.jpg\" \/>\n\t<meta property=\"og:image:width\" content=\"1700\" \/>\n\t<meta property=\"og:image:height\" content=\"590\" \/>\n\t<meta property=\"og:image:type\" content=\"image\/jpeg\" \/>\n<meta name=\"twitter:card\" content=\"summary_large_image\" \/>\n<script type=\"application\/ld+json\" class=\"yoast-schema-graph\">{\"@context\":\"https:\/\/schema.org\",\"@graph\":[{\"@type\":\"WebPage\",\"@id\":\"https:\/\/www.jorgefisioterapia.es\/accesibilidad\/\",\"url\":\"https:\/\/www.jorgefisioterapia.es\/accesibilidad\/\",\"name\":\"Accesibilidad | Jorge Fisioterapia\",\"isPartOf\":{\"@id\":\"https:\/\/www.jorgefisioterapia.es\/#website\"},\"primaryImageOfPage\":{\"@id\":\"https:\/\/www.jorgefisioterapia.es\/accesibilidad\/#primaryimage\"},\"image\":{\"@id\":\"https:\/\/www.jorgefisioterapia.es\/accesibilidad\/#primaryimage\"},\"thumbnailUrl\":\"https:\/\/www.jorgefisioterapia.es\/wp-content\/uploads\/2023\/08\/politica_de_privacidad-2.jpg\",\"datePublished\":\"2023-08-19T15:27:06+00:00\",\"dateModified\":\"2023-08-21T10:55:31+00:00\",\"description\":\"Ofrecemos opciones personalizadas y cumplimos con est\u00e1ndares de accesibilidad web. Tu experiencia es importante para nosotros.\",\"breadcrumb\":{\"@id\":\"https:\/\/www.jorgefisioterapia.es\/accesibilidad\/#breadcrumb\"},\"inLanguage\":\"fr-FR\",\"potentialAction\":[{\"@type\":\"ReadAction\",\"target\":[\"https:\/\/www.jorgefisioterapia.es\/accesibilidad\/\"]}]},{\"@type\":\"ImageObject\",\"inLanguage\":\"fr-FR\",\"@id\":\"https:\/\/www.jorgefisioterapia.es\/accesibilidad\/#primaryimage\",\"url\":\"https:\/\/www.jorgefisioterapia.es\/wp-content\/uploads\/2023\/08\/politica_de_privacidad-2.jpg\",\"contentUrl\":\"https:\/\/www.jorgefisioterapia.es\/wp-content\/uploads\/2023\/08\/politica_de_privacidad-2.jpg\",\"width\":1700,\"height\":590,\"caption\":\"movil\"},{\"@type\":\"BreadcrumbList\",\"@id\":\"https:\/\/www.jorgefisioterapia.es\/accesibilidad\/#breadcrumb\",\"itemListElement\":[{\"@type\":\"ListItem\",\"position\":1,\"name\":\"Inicio\",\"item\":\"https:\/\/www.jorgefisioterapia.es\/\"},{\"@type\":\"ListItem\",\"position\":2,\"name\":\"Accesibilidad\"}]},{\"@type\":\"WebSite\",\"@id\":\"https:\/\/www.jorgefisioterapia.es\/#website\",\"url\":\"https:\/\/www.jorgefisioterapia.es\/\",\"name\":\"Jorge Fisioterapia\",\"description\":\"Tu fisioterapeuta de confianza\",\"publisher\":{\"@id\":\"https:\/\/www.jorgefisioterapia.es\/#organization\"},\"potentialAction\":[{\"@type\":\"SearchAction\",\"target\":{\"@type\":\"EntryPoint\",\"urlTemplate\":\"https:\/\/www.jorgefisioterapia.es\/?s={search_term_string}\"},\"query-input\":{\"@type\":\"PropertyValueSpecification\",\"valueRequired\":true,\"valueName\":\"search_term_string\"}}],\"inLanguage\":\"fr-FR\"},{\"@type\":\"Organization\",\"@id\":\"https:\/\/www.jorgefisioterapia.es\/#organization\",\"name\":\"Jorge Fisioterapia\",\"url\":\"https:\/\/www.jorgefisioterapia.es\/\",\"logo\":{\"@type\":\"ImageObject\",\"inLanguage\":\"fr-FR\",\"@id\":\"https:\/\/www.jorgefisioterapia.es\/#\/schema\/logo\/image\/\",\"url\":\"https:\/\/www.jorgefisioterapia.es\/wp-content\/uploads\/2023\/08\/logo-cuadrado.svg\",\"contentUrl\":\"https:\/\/www.jorgefisioterapia.es\/wp-content\/uploads\/2023\/08\/logo-cuadrado.svg\",\"width\":1743,\"height\":1390,\"caption\":\"Jorge Fisioterapia\"},\"image\":{\"@id\":\"https:\/\/www.jorgefisioterapia.es\/#\/schema\/logo\/image\/\"}}]}<\/script>\n<!-- \/ Yoast SEO plugin. -->","yoast_head_json":{"title":"Accesibilidad | Jorge Fisioterapia","description":"Ofrecemos opciones personalizadas y cumplimos con est\u00e1ndares de accesibilidad web. Tu experiencia es importante para nosotros.","robots":{"index":"index","follow":"follow","max-snippet":"max-snippet:-1","max-image-preview":"max-image-preview:large","max-video-preview":"max-video-preview:-1"},"canonical":"https:\/\/www.jorgefisioterapia.es\/fr\/accessibilite\/","og_locale":"fr_FR","og_type":"article","og_title":"Accesibilidad | Jorge Fisioterapia","og_description":"Ofrecemos opciones personalizadas y cumplimos con est\u00e1ndares de accesibilidad web. Tu experiencia es importante para nosotros.","og_url":"https:\/\/www.jorgefisioterapia.es\/fr\/accessibilite\/","og_site_name":"Jorge Fisioterapia","article_modified_time":"2023-08-21T10:55:31+00:00","og_image":[{"width":1700,"height":590,"url":"https:\/\/www.jorgefisioterapia.es\/wp-content\/uploads\/2023\/08\/politica_de_privacidad-2.jpg","type":"image\/jpeg"}],"twitter_card":"summary_large_image","schema":{"@context":"https:\/\/schema.org","@graph":[{"@type":"WebPage","@id":"https:\/\/www.jorgefisioterapia.es\/accesibilidad\/","url":"https:\/\/www.jorgefisioterapia.es\/accesibilidad\/","name":"Accesibilidad | Jorge Fisioterapia","isPartOf":{"@id":"https:\/\/www.jorgefisioterapia.es\/#website"},"primaryImageOfPage":{"@id":"https:\/\/www.jorgefisioterapia.es\/accesibilidad\/#primaryimage"},"image":{"@id":"https:\/\/www.jorgefisioterapia.es\/accesibilidad\/#primaryimage"},"thumbnailUrl":"https:\/\/www.jorgefisioterapia.es\/wp-content\/uploads\/2023\/08\/politica_de_privacidad-2.jpg","datePublished":"2023-08-19T15:27:06+00:00","dateModified":"2023-08-21T10:55:31+00:00","description":"Ofrecemos opciones personalizadas y cumplimos con est\u00e1ndares de accesibilidad web. Tu experiencia es importante para nosotros.","breadcrumb":{"@id":"https:\/\/www.jorgefisioterapia.es\/accesibilidad\/#breadcrumb"},"inLanguage":"fr-FR","potentialAction":[{"@type":"ReadAction","target":["https:\/\/www.jorgefisioterapia.es\/accesibilidad\/"]}]},{"@type":"ImageObject","inLanguage":"fr-FR","@id":"https:\/\/www.jorgefisioterapia.es\/accesibilidad\/#primaryimage","url":"https:\/\/www.jorgefisioterapia.es\/wp-content\/uploads\/2023\/08\/politica_de_privacidad-2.jpg","contentUrl":"https:\/\/www.jorgefisioterapia.es\/wp-content\/uploads\/2023\/08\/politica_de_privacidad-2.jpg","width":1700,"height":590,"caption":"movil"},{"@type":"BreadcrumbList","@id":"https:\/\/www.jorgefisioterapia.es\/accesibilidad\/#breadcrumb","itemListElement":[{"@type":"ListItem","position":1,"name":"Inicio","item":"https:\/\/www.jorgefisioterapia.es\/"},{"@type":"ListItem","position":2,"name":"Accesibilidad"}]},{"@type":"WebSite","@id":"https:\/\/www.jorgefisioterapia.es\/#website","url":"https:\/\/www.jorgefisioterapia.es\/","name":"Jorge Fisioterapia","description":"Tu fisioterapeuta de confianza","publisher":{"@id":"https:\/\/www.jorgefisioterapia.es\/#organization"},"potentialAction":[{"@type":"SearchAction","target":{"@type":"EntryPoint","urlTemplate":"https:\/\/www.jorgefisioterapia.es\/?s={search_term_string}"},"query-input":{"@type":"PropertyValueSpecification","valueRequired":true,"valueName":"search_term_string"}}],"inLanguage":"fr-FR"},{"@type":"Organization","@id":"https:\/\/www.jorgefisioterapia.es\/#organization","name":"Jorge Fisioterapia","url":"https:\/\/www.jorgefisioterapia.es\/","logo":{"@type":"ImageObject","inLanguage":"fr-FR","@id":"https:\/\/www.jorgefisioterapia.es\/#\/schema\/logo\/image\/","url":"https:\/\/www.jorgefisioterapia.es\/wp-content\/uploads\/2023\/08\/logo-cuadrado.svg","contentUrl":"https:\/\/www.jorgefisioterapia.es\/wp-content\/uploads\/2023\/08\/logo-cuadrado.svg","width":1743,"height":1390,"caption":"Jorge Fisioterapia"},"image":{"@id":"https:\/\/www.jorgefisioterapia.es\/#\/schema\/logo\/image\/"}}]}},"_links":{"self":[{"href":"https:\/\/www.jorgefisioterapia.es\/fr\/wp-json\/wp\/v2\/pages\/1349","targetHints":{"allow":["GET"]}}],"collection":[{"href":"https:\/\/www.jorgefisioterapia.es\/fr\/wp-json\/wp\/v2\/pages"}],"about":[{"href":"https:\/\/www.jorgefisioterapia.es\/fr\/wp-json\/wp\/v2\/types\/page"}],"author":[{"embeddable":true,"href":"https:\/\/www.jorgefisioterapia.es\/fr\/wp-json\/wp\/v2\/users\/5"}],"replies":[{"embeddable":true,"href":"https:\/\/www.jorgefisioterapia.es\/fr\/wp-json\/wp\/v2\/comments?post=1349"}],"version-history":[{"count":4,"href":"https:\/\/www.jorgefisioterapia.es\/fr\/wp-json\/wp\/v2\/pages\/1349\/revisions"}],"predecessor-version":[{"id":1407,"href":"https:\/\/www.jorgefisioterapia.es\/fr\/wp-json\/wp\/v2\/pages\/1349\/revisions\/1407"}],"wp:featuredmedia":[{"embeddable":true,"href":"https:\/\/www.jorgefisioterapia.es\/fr\/wp-json\/wp\/v2\/media\/1352"}],"wp:attachment":[{"href":"https:\/\/www.jorgefisioterapia.es\/fr\/wp-json\/wp\/v2\/media?parent=1349"}],"curies":[{"name":"wp","href":"https:\/\/api.w.org\/{rel}","templated":true}]}}